{"id":281294,"date":"2024-07-22T09:37:02","date_gmt":"2024-07-22T07:37:02","guid":{"rendered":"https:\/\/kantenhacker.de\/mentions-legales\/"},"modified":"2024-07-26T10:10:08","modified_gmt":"2024-07-26T08:10:08","slug":"mentions-legales","status":"publish","type":"page","link":"https:\/\/ksg-gmbh.de\/fr\/mentions-legales\/","title":{"rendered":"Mentions l\u00e9gales"},"content":{"rendered":"<p>[et_pb_section fb_built=\u00a0\u00bb1&Prime; admin_label=\u00a0\u00bbHeader\u00a0\u00bb _builder_version=\u00a0\u00bb4.24.3&Prime; use_background_color_gradient=\u00a0\u00bbon\u00a0\u00bb background_color_gradient_type=\u00a0\u00bbcircular\u00a0\u00bb background_color_gradient_direction_radial=\u00a0\u00bbright\u00a0\u00bb background_color_gradient_stops=\u00a0\u00bbrgba(255,255,255,0) 0%|#ffffff 70%\u00a0\u00bb background_color_gradient_overlays_image=\u00a0\u00bbon\u00a0\u00bb background_color_gradient_start=\u00a0\u00bbrgba(255,255,255,0)\u00a0\u00bb background_color_gradient_end=\u00a0\u00bb#ffffff\u00a0\u00bb background_color_gradient_end_position=\u00a0\u00bb70%\u00a0\u00bb background_image=\u00a0\u00bbhttps:\/\/ksg-gmbh.de\/wp-content\/uploads\/2024\/04\/electrician_19.png\u00a0\u00bb background_position=\u00a0\u00bbtop_right\u00a0\u00bb custom_margin=\u00a0\u00bb||||false|false\u00a0\u00bb custom_padding=\u00a0\u00bb54px|0px|0|0px|false|false\u00a0\u00bb global_colors_info=\u00a0\u00bb{}\u00a0\u00bb][et_pb_row _builder_version=\u00a0\u00bb4.25.1&Prime; custom_margin=\u00a0\u00bb|||\u00a0\u00bb custom_padding=\u00a0\u00bb||62px|||\u00a0\u00bb hover_enabled=\u00a0\u00bb0&Prime; locked=\u00a0\u00bboff\u00a0\u00bb global_colors_info=\u00a0\u00bb{}\u00a0\u00bb sticky_enabled=\u00a0\u00bb0&Prime;][et_pb_column type=\u00a0\u00bb4_4&Prime; _builder_version=\u00a0\u00bb4.16&Prime; custom_padding=\u00a0\u00bb|||\u00a0\u00bb global_colors_info=\u00a0\u00bb{}\u00a0\u00bb custom_padding__hover=\u00a0\u00bb|||\u00a0\u00bb][et_pb_text _builder_version=\u00a0\u00bb4.25.1&Prime; text_font=\u00a0\u00bb||||||||\u00a0\u00bb text_text_color=\u00a0\u00bb#000000&Prime; text_font_size=\u00a0\u00bb16px\u00a0\u00bb text_line_height=\u00a0\u00bb1.8em\u00a0\u00bb header_font=\u00a0\u00bbLibre Franklin|300||on|||||\u00a0\u00bb header_font_size=\u00a0\u00bb36px\u00a0\u00bb header_line_height=\u00a0\u00bb1.4em\u00a0\u00bb hover_enabled=\u00a0\u00bb0&Prime; header_font_size_tablet=\u00a0\u00bb\u00a0\u00bb header_font_size_phone=\u00a0\u00bb32px\u00a0\u00bb header_font_size_last_edited=\u00a0\u00bbon|phone\u00a0\u00bb global_colors_info=\u00a0\u00bb{}\u00a0\u00bb sticky_enabled=\u00a0\u00bb0&Prime;]<\/p>\n<h1><strong>Mentions l\u00e9gales<\/strong><\/h1>\n<p><span><b>KSG Maschinenbau GmbH<\/b><\/span><\/p>\n<p><span><b><br \/><\/b>Am Schindwasen 14<br \/>66386 St. Ingbert<\/span><\/p>\n<p>T\u00e9l. : +49 (6894) 81 08<\/p>\n<p>Internet <a href=\"http:\/\/www.ksg-gmbh.com\/\" target=\"_blank\" rel=\"noopener\">:<\/a> http:\/\/www.ksg-gmbh.com<br \/>Email : <a href=\"mailto:info@ksg-gmbh.de\">info@ksg-gmbh.de<\/a><\/p>\n<p>Num\u00e9ro de TVA : DE <span> <\/span><span>811295374<\/span><br \/><span>Registre du commerce : HRB 32101<br \/>Tribunal d&rsquo;instance : Saarbr\u00fccken<br \/>Si\u00e8ge de la soci\u00e9t\u00e9 : St.Ingbert<br \/><\/span><span class=\"Apple-style-span\">G\u00e9rants : <\/span><span class=\"Apple-style-span\">Hartwig Hoffmann, Christel Klahm<\/span><\/p>\n<p><span class=\"Apple-style-span\"><\/span><\/p>\n<p><b>Fournisseur selon le \u00a7 3 TMG<\/p>\n<p>KSG Maschinenbau GmbH<\/b><\/p>\n<p><b>Liens externes<\/b><br \/><span>Nous ne v\u00e9rifions pas le contenu des liens externes. Ils sont sous la responsabilit\u00e9 de leurs fournisseurs respectifs.<\/span><\/p>\n<p><b>Avis de confidentialit\u00e9<br \/><\/b><span>Toutes les personnes mentionn\u00e9es sur ce site web s&rsquo;opposent par la pr\u00e9sente \u00e0 toute utilisation commerciale et \u00e0 toute transmission de leurs donn\u00e9es (cf. \u00a7 28 BDSG). Toutes les personnes mentionn\u00e9es sur ce site web s&rsquo;opposent fermement \u00e0 toute utilisation de leurs adresses \u00e0 des fins commerciales (\u00a7 28 de la loi f\u00e9d\u00e9rale allemande sur la protection de la vie priv\u00e9e).<\/span><\/p>\n<p><b>Avis de droit d&rsquo;auteur<\/b><br \/><span>Tous les articles et illustrations publi\u00e9s sur ce site sont prot\u00e9g\u00e9s par des droits d&rsquo;auteur. Toute utilisation non autoris\u00e9e par la loi sur les droits d&rsquo;auteur n\u00e9cessite l&rsquo;accord \u00e9crit pr\u00e9alable du fournisseur. Cela s&rsquo;applique en particulier \u00e0 la reproduction, au traitement, \u00e0 la traduction, \u00e0 l&rsquo;enregistrement, au traitement ou \u00e0 la reproduction de contenus dans des bases de donn\u00e9es ou d&rsquo;autres m\u00e9dias et syst\u00e8mes \u00e9lectroniques. Les photocopies et les t\u00e9l\u00e9chargements de pages Web ne sont autoris\u00e9s qu&rsquo;\u00e0 des fins personnelles, priv\u00e9es et non commerciales.<\/span><\/p>\n<p><b>Caract\u00e8re non contraignant des informations<\/b><br \/><span>Le contenu de ce site web a \u00e9t\u00e9 recherch\u00e9 avec le plus grand soin. Toutefois, le fournisseur n&rsquo;assume aucune responsabilit\u00e9 quant \u00e0 l&rsquo;exactitude, l&rsquo;exhaustivit\u00e9 et l&rsquo;actualit\u00e9 des informations fournies. Les contributions refl\u00e8tent les opinions de leurs auteurs respectifs.<\/span><\/p>\n<p><b>Non-obligation de fournir des informations<\/b><br \/><span>Les informations orales ou \u00e9crites fournies ne sont pas contraignantes. Les informations fournies sur ce site sont d&rsquo;ordre g\u00e9n\u00e9ral et toutes les donn\u00e9es et dates sont publi\u00e9es sans garantie. Tout recours juridique est exclu pour les jeux et concours.<\/span><\/p>\n<p><b>Communication par e-mail<br \/><\/b><span>La communication par courrier \u00e9lectronique peut pr\u00e9senter des failles de s\u00e9curit\u00e9. Par exemple, les e-mails peuvent \u00eatre intercept\u00e9s et consult\u00e9s par des internautes avertis lors de leur envoi \u00e0 la r\u00e9daction. Si nous recevons un e-mail de votre part, nous consid\u00e9rons que nous sommes en droit de vous r\u00e9pondre par e-mail. Dans le cas contraire, vous devez faire explicitement r\u00e9f\u00e9rence \u00e0 un autre mode de communication. Si vous le souhaitez, nous sommes en mesure de crypter les messages \u00e0 l&rsquo;aide des normes de cryptage courantes (par exemple PGP).<\/span><\/p>\n<p>[\/et_pb_text][\/et_pb_column][\/et_pb_row][\/et_pb_section]<\/p>\n","protected":false},"excerpt":{"rendered":"<p>Mentions l\u00e9gales KSG Maschinenbau GmbH Am Schindwasen 1466386 St. Ingbert T\u00e9l. : +49 (6894) 81 08 Internet : http:\/\/www.ksg-gmbh.comEmail : info@ksg-gmbh.de Num\u00e9ro de TVA : DE 811295374Registre du commerce : HRB 32101Tribunal d&rsquo;instance : Saarbr\u00fcckenSi\u00e8ge de la soci\u00e9t\u00e9 : St.IngbertG\u00e9rants : Hartwig Hoffmann, Christel Klahm Fournisseur selon le \u00a7 3 TMG KSG Maschinenbau GmbH Liens [&hellip;]<\/p>\n","protected":false},"author":2,"featured_media":0,"parent":0,"menu_order":0,"comment_status":"closed","ping_status":"closed","template":"","meta":{"_et_pb_use_builder":"on","_et_pb_old_content":"","_et_gb_content_width":"","footnotes":""},"difl_page_category":[],"class_list":["post-281294","page","type-page","status-publish","hentry"],"_links":{"self":[{"href":"https:\/\/ksg-gmbh.de\/fr\/wp-json\/wp\/v2\/pages\/281294","targetHints":{"allow":["GET"]}}],"collection":[{"href":"https:\/\/ksg-gmbh.de\/fr\/wp-json\/wp\/v2\/pages"}],"about":[{"href":"https:\/\/ksg-gmbh.de\/fr\/wp-json\/wp\/v2\/types\/page"}],"author":[{"embeddable":true,"href":"https:\/\/ksg-gmbh.de\/fr\/wp-json\/wp\/v2\/users\/2"}],"replies":[{"embeddable":true,"href":"https:\/\/ksg-gmbh.de\/fr\/wp-json\/wp\/v2\/comments?post=281294"}],"version-history":[{"count":2,"href":"https:\/\/ksg-gmbh.de\/fr\/wp-json\/wp\/v2\/pages\/281294\/revisions"}],"predecessor-version":[{"id":281296,"href":"https:\/\/ksg-gmbh.de\/fr\/wp-json\/wp\/v2\/pages\/281294\/revisions\/281296"}],"wp:attachment":[{"href":"https:\/\/ksg-gmbh.de\/fr\/wp-json\/wp\/v2\/media?parent=281294"}],"wp:term":[{"taxonomy":"difl_page_category","embeddable":true,"href":"https:\/\/ksg-gmbh.de\/fr\/wp-json\/wp\/v2\/difl_page_category?post=281294"}],"curies":[{"name":"wp","href":"https:\/\/api.w.org\/{rel}","templated":true}]}}