{"id":281404,"date":"2024-06-06T14:41:29","date_gmt":"2024-06-06T12:41:29","guid":{"rendered":"https:\/\/ksg-gmbh.de\/outils-diamantes-categorie\/fraises\/"},"modified":"2024-08-26T12:03:30","modified_gmt":"2024-08-26T10:03:30","slug":"fraises","status":"publish","type":"page","link":"https:\/\/ksg-gmbh.de\/fr\/outils-diamantes-categorie\/fraises\/","title":{"rendered":"Fraises"},"content":{"rendered":"<p>[et_pb_section fb_built=\u00a0\u00bb1&Prime; _builder_version=\u00a0\u00bb4.25.1&Prime; _module_preset=\u00a0\u00bbdefault\u00a0\u00bb background_color=\u00a0\u00bb#f7f7f7&Prime; custom_padding=\u00a0\u00bb||9px|||\u00a0\u00bb global_colors_info=\u00a0\u00bb{}\u00a0\u00bb][et_pb_row _builder_version=\u00a0\u00bb4.25.1&Prime; _module_preset=\u00a0\u00bbdefault\u00a0\u00bb custom_padding=\u00a0\u00bb||9px|||\u00a0\u00bb global_colors_info=\u00a0\u00bb{}\u00a0\u00bb][et_pb_column type=\u00a0\u00bb4_4&Prime; _builder_version=\u00a0\u00bb4.25.1&Prime; _module_preset=\u00a0\u00bbdefault\u00a0\u00bb global_colors_info=\u00a0\u00bb{}\u00a0\u00bb][et_pb_text _builder_version=\u00a0\u00bb4.27.0&Prime; _module_preset=\u00a0\u00bbdefault\u00a0\u00bb header_font=\u00a0\u00bbLibre Franklin|300||on|||||\u00a0\u00bb header_font_size=\u00a0\u00bb46px\u00a0\u00bb header_line_height=\u00a0\u00bb1.4em\u00a0\u00bb custom_margin=\u00a0\u00bb|||40px|false|false\u00a0\u00bb custom_margin_tablet=\u00a0\u00bb|||0px|false|false\u00a0\u00bb custom_margin_phone=\u00a0\u00bb|||0px|false|false\u00a0\u00bb custom_margin_last_edited=\u00a0\u00bbon|phone\u00a0\u00bb hover_enabled=\u00a0\u00bb0&Prime; global_colors_info=\u00a0\u00bb{}\u00a0\u00bb header_font_size_last_edited=\u00a0\u00bbon|phone\u00a0\u00bb sticky_enabled=\u00a0\u00bb0&Prime; header_font_size_tablet=\u00a0\u00bb40px\u00a0\u00bb header_font_size_phone=\u00a0\u00bb23px\u00a0\u00bb]<\/p>\n<h1 style=\"text-align: center;\"><strong>Fraises \u00e0 rainurer pour b\u00e9ton et asphalte<\/strong><\/h1>\n<p>[\/et_pb_text][\/et_pb_column][\/et_pb_row][\/et_pb_section][et_pb_section fb_built=\u00a0\u00bb1&Prime; _builder_version=\u00a0\u00bb4.25.1&Prime; _module_preset=\u00a0\u00bbdefault\u00a0\u00bb background_color=\u00a0\u00bb#f7f7f7&Prime; custom_padding=\u00a0\u00bb9px|||||\u00a0\u00bb global_colors_info=\u00a0\u00bb{}\u00a0\u00bb][et_pb_row column_structure=\u00a0\u00bb1_3,2_3&Prime; _builder_version=\u00a0\u00bb4.25.1&Prime; _module_preset=\u00a0\u00bbdefault\u00a0\u00bb global_colors_info=\u00a0\u00bb{}\u00a0\u00bb][et_pb_column type=\u00a0\u00bb1_3&Prime; _builder_version=\u00a0\u00bb4.25.1&Prime; _module_preset=\u00a0\u00bbdefault\u00a0\u00bb global_colors_info=\u00a0\u00bb{}\u00a0\u00bb][et_pb_image src=\u00a0\u00bbhttps:\/\/ksg-gmbh.de\/wp-content\/uploads\/2024\/06\/IMG_8785.png\u00a0\u00bb title_text=\u00a0\u00bbIMG_8785&Prime; align_tablet=\u00a0\u00bbcenter\u00a0\u00bb align_phone=\u00a0\u00bbcenter\u00a0\u00bb align_last_edited=\u00a0\u00bbon|phone\u00a0\u00bb _builder_version=\u00a0\u00bb4.25.1&Prime; _module_preset=\u00a0\u00bbdefault\u00a0\u00bb height=\u00a0\u00bb280px\u00a0\u00bb global_colors_info=\u00a0\u00bb{}\u00a0\u00bb][\/et_pb_image][\/et_pb_column][et_pb_column type=\u00a0\u00bb2_3&Prime; _builder_version=\u00a0\u00bb4.25.1&Prime; _module_preset=\u00a0\u00bbdefault\u00a0\u00bb global_colors_info=\u00a0\u00bb{}\u00a0\u00bb][et_pb_text _builder_version=\u00a0\u00bb4.27.0&Prime; _module_preset=\u00a0\u00bbdefault\u00a0\u00bb custom_margin=\u00a0\u00bb25px|||-70px|false|false\u00a0\u00bb custom_margin_tablet=\u00a0\u00bb|||-30px|false|false\u00a0\u00bb custom_margin_phone=\u00a0\u00bb|||0px|false|false\u00a0\u00bb custom_margin_last_edited=\u00a0\u00bbon|phone\u00a0\u00bb global_colors_info=\u00a0\u00bb{}\u00a0\u00bb]<\/p>\n<h2><strong>FRAISES \u00c0 RAINURER RFB<\/strong><\/h2>\n<h3>B\u00e9ton, vieux b\u00e9ton<\/h3>\n<ul>\n<li>Pour le fraisage de canaux pour la pose de c\u00e2bles (par ex. boucles de contact)<\/li>\n<li>Bonne vitesse de coupe et dur\u00e9e de vie<\/li>\n<li>Noyau d&rsquo;acier stable<\/li>\n<li>Convient tr\u00e8s bien pour les travaux d&rsquo;\u00e9largissement des joints<\/li>\n<\/ul>\n<p>[\/et_pb_text][et_pb_image src=\u00a0\u00bbhttps:\/\/ksg-gmbh.de\/wp-content\/uploads\/2024\/06\/Fasenfraeser-1-2.png\u00a0\u00bb title_text=\u00a0\u00bbFraise \u00e0 chanfreiner-1-2_mobil\u00a0\u00bb src_tablet=\u00a0\u00bbhttps:\/\/ksg-gmbh.de\/wp-content\/uploads\/2024\/06\/Fasenfraeser-1-2.png\u00a0\u00bb src_phone=\u00a0\u00bbhttps:\/\/ksg-gmbh.de\/wp-content\/uploads\/2024\/06\/Fasenfraeser-1-2_mobil.png\u00a0\u00bb src_last_edited=\u00a0\u00bbon|phone\u00a0\u00bb _builder_version=\u00a0\u00bb4.25.1&Prime; _module_preset=\u00a0\u00bbdefault\u00a0\u00bb width=\u00a0\u00bb120%\u00a0\u00bb width_tablet=\u00a0\u00bb110%\u00a0\u00bb width_phone=\u00a0\u00bb110%\u00a0\u00bb width_last_edited=\u00a0\u00bbon|desktop\u00a0\u00bb custom_margin=\u00a0\u00bb|||-70px|false|false\u00a0\u00bb custom_margin_tablet=\u00a0\u00bb|||-30px|false|false\u00a0\u00bb custom_margin_phone=\u00a0\u00bb|||30px|false|false\u00a0\u00bb custom_margin_last_edited=\u00a0\u00bbon|tablet\u00a0\u00bb global_colors_info=\u00a0\u00bb{}\u00a0\u00bb][\/et_pb_image][\/et_pb_column][\/et_pb_row][et_pb_row column_structure=\u00a0\u00bb1_3,2_3&Prime; _builder_version=\u00a0\u00bb4.25.1&Prime; _module_preset=\u00a0\u00bbdefault\u00a0\u00bb global_colors_info=\u00a0\u00bb{}\u00a0\u00bb][et_pb_column type=\u00a0\u00bb1_3&Prime; _builder_version=\u00a0\u00bb4.25.1&Prime; _module_preset=\u00a0\u00bbdefault\u00a0\u00bb global_colors_info=\u00a0\u00bb{}\u00a0\u00bb][et_pb_image src=\u00a0\u00bbhttps:\/\/ksg-gmbh.de\/wp-content\/uploads\/2024\/06\/IMG_8786.png\u00a0\u00bb title_text=\u00a0\u00bbIMG_8786&Prime; align_tablet=\u00a0\u00bbcenter\u00a0\u00bb align_phone=\u00a0\u00bbcenter\u00a0\u00bb align_last_edited=\u00a0\u00bbon|phone\u00a0\u00bb _builder_version=\u00a0\u00bb4.25.1&Prime; _module_preset=\u00a0\u00bbdefault\u00a0\u00bb height=\u00a0\u00bb280px\u00a0\u00bb locked=\u00a0\u00bboff\u00a0\u00bb global_colors_info=\u00a0\u00bb{}\u00a0\u00bb][\/et_pb_image][\/et_pb_column][et_pb_column type=\u00a0\u00bb2_3&Prime; _builder_version=\u00a0\u00bb4.25.1&Prime; _module_preset=\u00a0\u00bbdefault\u00a0\u00bb global_colors_info=\u00a0\u00bb{}\u00a0\u00bb][et_pb_text _builder_version=\u00a0\u00bb4.27.0&Prime; _module_preset=\u00a0\u00bbdefault\u00a0\u00bb custom_margin=\u00a0\u00bb25px|||-70px|false|false\u00a0\u00bb custom_margin_tablet=\u00a0\u00bb|||-30px|false|false\u00a0\u00bb custom_margin_phone=\u00a0\u00bb|||0px|false|false\u00a0\u00bb custom_margin_last_edited=\u00a0\u00bbon|phone\u00a0\u00bb global_colors_info=\u00a0\u00bb{}\u00a0\u00bb]<\/p>\n<h2><strong>FRAISE \u00c0 RAINURER RFA<\/strong><\/h2>\n<h3>Asphalte<\/h3>\n<ul>\n<li>Pour le fraisage de canaux pour la pose de c\u00e2bles (par ex. boucles de contact)<\/li>\n<li>Bonne vitesse de coupe et dur\u00e9e de vie<\/li>\n<li>Noyau d&rsquo;acier stable<\/li>\n<li>Convient tr\u00e8s bien pour les travaux d&rsquo;\u00e9largissement des joints<\/li>\n<\/ul>\n<p>[\/et_pb_text][et_pb_image src=\u00a0\u00bbhttps:\/\/ksg-gmbh.de\/wp-content\/uploads\/2024\/06\/Fasenfraeser-2-2.png\u00a0\u00bb title_text=\u00a0\u00bbFraise \u00e0 chanfreiner-2-2_mobil\u00a0\u00bb src_tablet=\u00a0\u00bbhttps:\/\/ksg-gmbh.de\/wp-content\/uploads\/2024\/06\/Fasenfraeser-2-2.png\u00a0\u00bb src_phone=\u00a0\u00bbhttps:\/\/ksg-gmbh.de\/wp-content\/uploads\/2024\/06\/Fasenfraeser-2-2_mobil.png\u00a0\u00bb src_last_edited=\u00a0\u00bbon|phone\u00a0\u00bb _builder_version=\u00a0\u00bb4.25.1&Prime; _module_preset=\u00a0\u00bbdefault\u00a0\u00bb width=\u00a0\u00bb120%\u00a0\u00bb width_tablet=\u00a0\u00bb110%\u00a0\u00bb width_phone=\u00a0\u00bb110%\u00a0\u00bb width_last_edited=\u00a0\u00bbon|desktop\u00a0\u00bb custom_margin=\u00a0\u00bb|||-70px|false|false\u00a0\u00bb custom_margin_tablet=\u00a0\u00bb|||-30px|false|false\u00a0\u00bb custom_margin_phone=\u00a0\u00bb|||30px|false|false\u00a0\u00bb custom_margin_last_edited=\u00a0\u00bbon|tablet\u00a0\u00bb global_colors_info=\u00a0\u00bb{}\u00a0\u00bb][\/et_pb_image][\/et_pb_column][\/et_pb_row][\/et_pb_section][et_pb_section fb_built=\u00a0\u00bb1&Prime; _builder_version=\u00a0\u00bb4.24.3&Prime; _module_preset=\u00a0\u00bbdefault\u00a0\u00bb background_color=\u00a0\u00bb#f7f7f7&Prime; custom_margin=\u00a0\u00bb||||false|false\u00a0\u00bb custom_padding=\u00a0\u00bb||14px|||\u00a0\u00bb global_colors_info=\u00a0\u00bb{}\u00a0\u00bb][et_pb_row _builder_version=\u00a0\u00bb4.24.3&Prime; _module_preset=\u00a0\u00bbdefault\u00a0\u00bb global_colors_info=\u00a0\u00bb{}\u00a0\u00bb][et_pb_column type=\u00a0\u00bb4_4&Prime; _builder_version=\u00a0\u00bb4.24.3&Prime; _module_preset=\u00a0\u00bbdefault\u00a0\u00bb global_colors_info=\u00a0\u00bb{}\u00a0\u00bb][et_pb_text _builder_version=\u00a0\u00bb4.27.0&Prime; _module_preset=\u00a0\u00bbdefault\u00a0\u00bb header_font=\u00a0\u00bbLibre Franklin|300|||||||\u00a0\u00bb header_font_size=\u00a0\u00bb32px\u00a0\u00bb header_2_font=\u00a0\u00bb|||on|||||\u00a0\u00bb global_colors_info=\u00a0\u00bb{}\u00a0\u00bb]<\/p>\n<h2 style=\"text-align: center;\"><strong>Fraises \u00e0 chanfreiner pour b\u00e9ton<\/strong><\/h2>\n<p>[\/et_pb_text][\/et_pb_column][\/et_pb_row][et_pb_row column_structure=\u00a0\u00bb1_4,1_2,1_4&Prime; _builder_version=\u00a0\u00bb4.25.1&Prime; _module_preset=\u00a0\u00bbdefault\u00a0\u00bb max_width=\u00a0\u00bb2560px\u00a0\u00bb global_colors_info=\u00a0\u00bb{}\u00a0\u00bb][et_pb_column type=\u00a0\u00bb1_4&Prime; _builder_version=\u00a0\u00bb4.24.3&Prime; _module_preset=\u00a0\u00bbdefault\u00a0\u00bb global_colors_info=\u00a0\u00bb{}\u00a0\u00bb][et_pb_image src=\u00a0\u00bbhttps:\/\/ksg-gmbh.de\/wp-content\/uploads\/2024\/06\/7306010-Fasenfraeser45-2-fotor-2024060681544.png\u00a0\u00bb title_text=\u00a0\u00bb7306010 Fasenfr\u00e4ser45-2-fotor-2024060681544&Prime; align=\u00a0\u00bbcenter\u00a0\u00bb _builder_version=\u00a0\u00bb4.25.1&Prime; _module_preset=\u00a0\u00bbdefault\u00a0\u00bb width=\u00a0\u00bb70%\u00a0\u00bb width_tablet=\u00a0\u00bb30%\u00a0\u00bb width_phone=\u00a0\u00bb40%\u00a0\u00bb width_last_edited=\u00a0\u00bbon|phone\u00a0\u00bb module_alignment=\u00a0\u00bbcenter\u00a0\u00bb custom_margin=\u00a0\u00bb21px||||false|false\u00a0\u00bb custom_padding=\u00a0\u00bb0px|||||\u00a0\u00bb module_alignment_tablet=\u00a0\u00bbcenter\u00a0\u00bb module_alignment_phone=\u00a0\u00bbcenter\u00a0\u00bb module_alignment_last_edited=\u00a0\u00bbon|tablet\u00a0\u00bb global_colors_info=\u00a0\u00bb{}\u00a0\u00bb][\/et_pb_image][\/et_pb_column][et_pb_column type=\u00a0\u00bb1_2&Prime; _builder_version=\u00a0\u00bb4.24.3&Prime; _module_preset=\u00a0\u00bbdefault\u00a0\u00bb global_colors_info=\u00a0\u00bb{}\u00a0\u00bb][et_pb_image src=\u00a0\u00bbhttps:\/\/ksg-gmbh.de\/wp-content\/uploads\/2024\/06\/Fasenfraeser-fotor-bg-remover-2024060682429.png\u00a0\u00bb title_text=\u00a0\u00bbFasenfr\u00e4ser-fotor-bg-remover-2024060682429&Prime; align=\u00a0\u00bbcenter\u00a0\u00bb src_tablet=\u00a0\u00bbhttps:\/\/ksg-gmbh.de\/wp-content\/uploads\/2024\/05\/Asphalt-Tabelle.png\u00a0\u00bb src_phone=\u00a0\u00bbhttps:\/\/ksg-gmbh.de\/wp-content\/uploads\/2024\/05\/Asphalt-Tabelle_mobil.png\u00a0\u00bb src_last_edited=\u00a0\u00bboff|desktop\u00a0\u00bb show_bottom_space_tablet=\u00a0\u00bb\u00a0\u00bb show_bottom_space_phone=\u00a0\u00bboff\u00a0\u00bb show_bottom_space_last_edited=\u00a0\u00bbon|phone\u00a0\u00bb _builder_version=\u00a0\u00bb4.25.1&Prime; _module_preset=\u00a0\u00bbdefault\u00a0\u00bb width=\u00a0\u00bb100%\u00a0\u00bb width_tablet=\u00a0\u00bb100%\u00a0\u00bb width_phone=\u00a0\u00bb70%\u00a0\u00bb width_last_edited=\u00a0\u00bbon|phone\u00a0\u00bb module_alignment=\u00a0\u00bbcenter\u00a0\u00bb custom_margin=\u00a0\u00bb||75px||false|false\u00a0\u00bb custom_margin_tablet=\u00a0\u00bb||||false|false\u00a0\u00bb custom_margin_phone=\u00a0\u00bb||||false|false\u00a0\u00bb custom_margin_last_edited=\u00a0\u00bbon|phone\u00a0\u00bb global_colors_info=\u00a0\u00bb{}\u00a0\u00bb custom_css_main_element_last_edited=\u00a0\u00bbon|phone\u00a0\u00bb][\/et_pb_image][et_pb_text _builder_version=\u00a0\u00bb4.25.1&Prime; _module_preset=\u00a0\u00bbdefault\u00a0\u00bb text_font_size=\u00a0\u00bb20px\u00a0\u00bb width=\u00a0\u00bb100%\u00a0\u00bb module_alignment=\u00a0\u00bbcenter\u00a0\u00bb global_colors_info=\u00a0\u00bb{}\u00a0\u00bb]<\/p>\n<p>Fraise \u00e0 chanfreiner diamant\u00e9e pour le fraisage de joints de dilatation \u00e0 45\u00b0 dans l&rsquo;asphalte ou le b\u00e9ton.<br \/>\nLa fraise est mont\u00e9e sur la scie de sol en m\u00eame temps qu&rsquo;une fraise \u00e0 rainurer.<br \/>\nDimensions standard des fraises \u00e0 rainurer : 8mm, 10mm, 12mm  <\/p>\n<p>[\/et_pb_text][et_pb_image src=\u00a0\u00bbhttps:\/\/ksg-gmbh.de\/wp-content\/uploads\/2024\/06\/Fasenfraeser-3-2.png\u00a0\u00bb title_text=\u00a0\u00bbFraise \u00e0 chanfreiner-3-1_mobil\u00a0\u00bb src_tablet=\u00a0\u00bbhttps:\/\/ksg-gmbh.de\/wp-content\/uploads\/2024\/06\/Fasenfraeser-3-2.png\u00a0\u00bb src_phone=\u00a0\u00bbhttps:\/\/ksg-gmbh.de\/wp-content\/uploads\/2024\/06\/Fasenfraeser-3-1_mobil.png\u00a0\u00bb src_last_edited=\u00a0\u00bbon|phone\u00a0\u00bb _builder_version=\u00a0\u00bb4.25.1&Prime; _module_preset=\u00a0\u00bbdefault\u00a0\u00bb custom_margin=\u00a0\u00bb||||false|false\u00a0\u00bb custom_margin_tablet=\u00a0\u00bb||||false|false\u00a0\u00bb custom_margin_phone=\u00a0\u00bb|||70px|false|false\u00a0\u00bb custom_margin_last_edited=\u00a0\u00bbon|phone\u00a0\u00bb global_colors_info=\u00a0\u00bb{}\u00a0\u00bb][\/et_pb_image][et_pb_text _builder_version=\u00a0\u00bb4.27.0&Prime; _module_preset=\u00a0\u00bbdefault\u00a0\u00bb text_text_color=\u00a0\u00bb#000000&Prime; text_font_size=\u00a0\u00bb16px\u00a0\u00bb text_line_height=\u00a0\u00bb1.8em\u00a0\u00bb global_colors_info=\u00a0\u00bb{}\u00a0\u00bb]<\/p>\n<p><a href=\"https:\/\/ksg-gmbh.de\/fr\/outils-diamantes-categorie\/\"><strong>Retour \u00e0 l&rsquo;aper\u00e7u<\/strong><\/a><\/p>\n<p>[\/et_pb_text][\/et_pb_column][et_pb_column type=\u00a0\u00bb1_4&Prime; _builder_version=\u00a0\u00bb4.24.3&Prime; _module_preset=\u00a0\u00bbdefault\u00a0\u00bb global_colors_info=\u00a0\u00bb{}\u00a0\u00bb][difl_advanced_blurb wrapper_margin=\u00a0\u00bb||||false|false\u00a0\u00bb wrapper_padding=\u00a0\u00bb||||false|false\u00a0\u00bb blurb_img_spacing=\u00a0\u00bb||||false|false\u00a0\u00bb content_margin=\u00a0\u00bb||||false|false\u00a0\u00bb _builder_version=\u00a0\u00bb4.25.1&Prime; _module_preset=\u00a0\u00bbdefault\u00a0\u00bb content_body_font=\u00a0\u00bb|600|||||||\u00a0\u00bb content_body_text_color=\u00a0\u00bb#FFFFFF\u00a0\u00bb content_body_font_size=\u00a0\u00bb18px\u00a0\u00bb background_color=\u00a0\u00bb#51585e\u00a0\u00bb custom_margin=\u00a0\u00bb|25px|160px||false|false\u00a0\u00bb border_width_all=\u00a0\u00bb1px\u00a0\u00bb border_color_all=\u00a0\u00bb#000000&Prime; global_colors_info=\u00a0\u00bb{}\u00a0\u00bb]<\/p>\n<p style=\"text-align: left;\">  \u00d8 290mm<\/p>\n<p style=\"text-align: left;\">  Trou de 25,4mm<\/p>\n<p style=\"text-align: left;\">  Largeur de segment 8mm<\/p>\n<hr>\n<p style=\"text-align: left;\"> <span style=\"text-decoration: underline;\">N\u00b0 d&rsquo;art.<\/span><\/p>\n<p style=\"text-align: left;\">  Asphalte DFA190-8<\/p>\n<p style=\"text-align: left;\">  B\u00e9ton DFB190-8<\/p>\n<p>[\/difl_advanced_blurb][difl_advanced_blurb wrapper_margin=\u00a0\u00bb||||false|false\u00a0\u00bb wrapper_padding=\u00a0\u00bb||||false|false\u00a0\u00bb blurb_img_spacing=\u00a0\u00bb||||false|false\u00a0\u00bb content_margin=\u00a0\u00bb||||false|false\u00a0\u00bb _builder_version=\u00a0\u00bb4.25.1&Prime; _module_preset=\u00a0\u00bbdefault\u00a0\u00bb content_body_font=\u00a0\u00bb|600|||||||\u00a0\u00bb content_body_text_color=\u00a0\u00bb#FFFFFF\u00a0\u00bb content_body_font_size=\u00a0\u00bb18px\u00a0\u00bb background_color=\u00a0\u00bb#51585e\u00a0\u00bb custom_margin=\u00a0\u00bb|25px|||false|false\u00a0\u00bb custom_padding=\u00a0\u00bb||||false|false\u00a0\u00bb border_width_all=\u00a0\u00bb1px\u00a0\u00bb border_color_all=\u00a0\u00bb#000000&Prime; global_colors_info=\u00a0\u00bb{}\u00a0\u00bb]<\/p>\n<p style=\"text-align: center;\">Pour la coupe \u00e0 l&rsquo;eau uniquement !<\/p>\n<p>[\/difl_advanced_blurb][\/et_pb_column][\/et_pb_row][\/et_pb_section]<\/p>\n","protected":false},"excerpt":{"rendered":"<p>Fraises \u00e0 rainurer pour b\u00e9ton et asphalteFRAISES \u00c0 RAINURER RFB B\u00e9ton, vieux b\u00e9ton Pour le fraisage de canaux pour la pose de c\u00e2bles (par ex. boucles de contact) Bonne vitesse de coupe et dur\u00e9e de vie Noyau d&rsquo;acier stable Convient tr\u00e8s bien pour les travaux d&rsquo;\u00e9largissement des joints FRAISE \u00c0 RAINURER RFA Asphalte Pour le [&hellip;]<\/p>\n","protected":false},"author":2,"featured_media":0,"parent":966,"menu_order":0,"comment_status":"closed","ping_status":"closed","template":"","meta":{"_et_pb_use_builder":"on","_et_pb_old_content":"","_et_gb_content_width":"","footnotes":""},"difl_page_category":[],"class_list":["post-281404","page","type-page","status-publish","hentry"],"_links":{"self":[{"href":"https:\/\/ksg-gmbh.de\/fr\/wp-json\/wp\/v2\/pages\/281404","targetHints":{"allow":["GET"]}}],"collection":[{"href":"https:\/\/ksg-gmbh.de\/fr\/wp-json\/wp\/v2\/pages"}],"about":[{"href":"https:\/\/ksg-gmbh.de\/fr\/wp-json\/wp\/v2\/types\/page"}],"author":[{"embeddable":true,"href":"https:\/\/ksg-gmbh.de\/fr\/wp-json\/wp\/v2\/users\/2"}],"replies":[{"embeddable":true,"href":"https:\/\/ksg-gmbh.de\/fr\/wp-json\/wp\/v2\/comments?post=281404"}],"version-history":[{"count":2,"href":"https:\/\/ksg-gmbh.de\/fr\/wp-json\/wp\/v2\/pages\/281404\/revisions"}],"predecessor-version":[{"id":281406,"href":"https:\/\/ksg-gmbh.de\/fr\/wp-json\/wp\/v2\/pages\/281404\/revisions\/281406"}],"up":[{"embeddable":true,"href":"https:\/\/ksg-gmbh.de\/fr\/wp-json\/wp\/v2\/pages\/966"}],"wp:attachment":[{"href":"https:\/\/ksg-gmbh.de\/fr\/wp-json\/wp\/v2\/media?parent=281404"}],"wp:term":[{"taxonomy":"difl_page_category","embeddable":true,"href":"https:\/\/ksg-gmbh.de\/fr\/wp-json\/wp\/v2\/difl_page_category?post=281404"}],"curies":[{"name":"wp","href":"https:\/\/api.w.org\/{rel}","templated":true}]}}