{"id":281755,"date":"2023-02-06T18:00:56","date_gmt":"2023-02-06T17:00:56","guid":{"rendered":"https:\/\/ksg-gmbh.de\/declaration-de-confidentialite\/"},"modified":"2024-09-06T10:22:35","modified_gmt":"2024-09-06T08:22:35","slug":"declaration-de-confidentialite","status":"publish","type":"page","link":"https:\/\/ksg-gmbh.de\/fr\/declaration-de-confidentialite\/","title":{"rendered":"D\u00e9claration de confidentialit\u00e9"},"content":{"rendered":"<p>[et_pb_section fb_built=\u00a0\u00bb1&Prime; admin_label=\u00a0\u00bbHeader\u00a0\u00bb _builder_version=\u00a0\u00bb4.24.3&Prime; use_background_color_gradient=\u00a0\u00bbon\u00a0\u00bb background_color_gradient_type=\u00a0\u00bbcircular\u00a0\u00bb background_color_gradient_direction_radial=\u00a0\u00bbright\u00a0\u00bb background_color_gradient_stops=\u00a0\u00bbrgba(255,255,255,0) 0%|#ffffff 70%\u00a0\u00bb background_color_gradient_overlays_image=\u00a0\u00bbon\u00a0\u00bb background_color_gradient_start=\u00a0\u00bbrgba(255,255,255,0)\u00a0\u00bb background_color_gradient_end=\u00a0\u00bb#ffffff\u00a0\u00bb background_color_gradient_end_position=\u00a0\u00bb70%\u00a0\u00bb background_image=\u00a0\u00bbhttps:\/\/ksg-gmbh.de\/wp-content\/uploads\/2024\/04\/electrician_19.png\u00a0\u00bb background_position=\u00a0\u00bbtop_right\u00a0\u00bb custom_margin=\u00a0\u00bb||||false|false\u00a0\u00bb custom_padding=\u00a0\u00bb54px|0px|0|0px|false|false\u00a0\u00bb global_colors_info=\u00a0\u00bb{}\u00a0\u00bb][et_pb_row _builder_version=\u00a0\u00bb4.25.1&Prime; custom_margin=\u00a0\u00bb|||\u00a0\u00bb custom_padding=\u00a0\u00bb||62px|||\u00a0\u00bb locked=\u00a0\u00bboff\u00a0\u00bb global_colors_info=\u00a0\u00bb{}\u00a0\u00bb][et_pb_column type=\u00a0\u00bb4_4&Prime; _builder_version=\u00a0\u00bb4.16&Prime; custom_padding=\u00a0\u00bb|||\u00a0\u00bb global_colors_info=\u00a0\u00bb{}\u00a0\u00bb custom_padding__hover=\u00a0\u00bb|||\u00a0\u00bb][et_pb_text _builder_version=\u00a0\u00bb4.27.0&Prime; text_font=\u00a0\u00bb||||||||\u00a0\u00bb text_text_color=\u00a0\u00bb#000000&Prime; text_font_size=\u00a0\u00bb16px\u00a0\u00bb text_line_height=\u00a0\u00bb1.8em\u00a0\u00bb header_font=\u00a0\u00bbLibre Franklin|300||on|||||\u00a0\u00bb header_font_size=\u00a0\u00bb36px\u00a0\u00bb header_line_height=\u00a0\u00bb1.4em\u00a0\u00bb header_2_line_height=\u00a0\u00bb1.7em\u00a0\u00bb hover_enabled=\u00a0\u00bb0&Prime; header_font_size_tablet=\u00a0\u00bb\u00a0\u00bb header_font_size_phone=\u00a0\u00bb32px\u00a0\u00bb header_font_size_last_edited=\u00a0\u00bbon|phone\u00a0\u00bb global_colors_info=\u00a0\u00bb{}\u00a0\u00bb sticky_enabled=\u00a0\u00bb0&Prime;]<\/p>\n<h1><strong>D\u00e9claration de confidentialit\u00e9<\/strong><\/h1>\n<h2>1. la protection des donn\u00e9es en un coup d&rsquo;\u0153il<\/h2>\n<h3>Remarques g\u00e9n\u00e9rales<\/h3>\n<p>Les informations suivantes donnent un aper\u00e7u simple de ce qui se passe avec vos donn\u00e9es personnelles lorsque vous visitez notre site web.<br \/>\nLes donn\u00e9es personnelles sont toutes les donn\u00e9es qui permettent de vous identifier personnellement.<br \/>\nVous trouverez des informations d\u00e9taill\u00e9es sur le th\u00e8me de la protection des donn\u00e9es dans notre d\u00e9claration de protection des donn\u00e9es figurant sous ce texte.  <\/p>\n<h2>2. indications g\u00e9n\u00e9rales et informations obligatoires<\/h2>\n<h3>Protection des donn\u00e9es<\/h3>\n<p>Les op\u00e9rateurs de ces pages prennent la protection de vos donn\u00e9es personnelles tr\u00e8s au s\u00e9rieux.<br \/>\nNous traitons vos donn\u00e9es personnelles de mani\u00e8re confidentielle et conform\u00e9ment aux dispositions l\u00e9gales en mati\u00e8re de protection des donn\u00e9es et \u00e0 la pr\u00e9sente d\u00e9claration de confidentialit\u00e9. <\/p>\n<p>Lorsque vous utilisez ce site web, diverses donn\u00e9es personnelles sont collect\u00e9es.<br \/>\nLes donn\u00e9es personnelles sont des donn\u00e9es qui permettent de vous identifier personnellement.<br \/>\nLa pr\u00e9sente d\u00e9claration de confidentialit\u00e9 explique quelles donn\u00e9es nous collectons et \u00e0 quelles fins nous les utilisons.<br \/>\nElle explique \u00e9galement comment et dans quel but nous le faisons.   <\/p>\n<p>Nous attirons votre attention sur le fait que la transmission de donn\u00e9es sur Internet (par ex. lors de la communication par e-mail) peut pr\u00e9senter des failles de s\u00e9curit\u00e9.<br \/>\nUne protection compl\u00e8te des donn\u00e9es contre l&rsquo;acc\u00e8s par des tiers n&rsquo;est pas possible. <\/p>\n<h3>Note sur l&rsquo;entit\u00e9 responsable<\/h3>\n<p>Le responsable du traitement des donn\u00e9es sur ce site est :<\/p>\n<p>KSG Maschinenbau GmbH<br \/>Am Schindwasen 14<\/p>\n<p>66386 St. Ingbert<\/p>\n<p>T\u00e9l\u00e9phone : +49 (6894) 81 08 ou 38 34 17<br \/>E-mail : info@ksg-gmbh.de<\/p>\n<p>Le responsable du traitement est la personne physique ou morale qui, seule ou conjointement avec d&rsquo;autres, d\u00e9termine les finalit\u00e9s et les moyens du traitement des donn\u00e9es \u00e0 caract\u00e8re personnel (par exemple, les noms, les adresses \u00e9lectroniques ou autres).<\/p>\n<h2>3. collecte de donn\u00e9es sur notre site web<\/h2>\n<h3>Cookies<\/h3>\n<p>Les pages Internet utilisent en partie des cookies.<br \/>\nLes cookies n&rsquo;endommagent pas votre ordinateur et ne contiennent pas de virus.<br \/>\nLes cookies servent \u00e0 rendre notre offre plus conviviale, plus efficace et plus s\u00fbre.<br \/>\nLes cookies sont de petits fichiers texte qui sont d\u00e9pos\u00e9s sur votre ordinateur et que votre navigateur enregistre.   <\/p>\n<p>La plupart des cookies que nous utilisons sont des \u00ab\u00a0cookies de session\u00a0\u00bb.<br \/>\nIls sont automatiquement supprim\u00e9s \u00e0 la fin de votre visite.<br \/>\nD&rsquo;autres cookies restent enregistr\u00e9s sur votre terminal jusqu&rsquo;\u00e0 ce que vous les supprimiez.<br \/>\nCes cookies nous permettent de reconna\u00eetre votre navigateur lors de votre prochaine visite.   <\/p>\n<p>Vous pouvez configurer votre navigateur de mani\u00e8re \u00e0 \u00eatre inform\u00e9 de l&rsquo;installation de cookies et \u00e0 n&rsquo;autoriser les cookies qu&rsquo;au cas par cas, \u00e0 exclure l&rsquo;acceptation des cookies dans certains cas ou de mani\u00e8re g\u00e9n\u00e9rale, et \u00e0 activer la suppression automatique des cookies \u00e0 la fermeture du navigateur.<br \/>\nSi vous d\u00e9sactivez les cookies, la fonctionnalit\u00e9 de ce site web peut \u00eatre limit\u00e9e. <\/p>\n<p>Les cookies n\u00e9cessaires \u00e0 l&rsquo;ex\u00e9cution du processus de communication \u00e9lectronique ou \u00e0 la mise \u00e0 disposition de certaines fonctions que vous avez souhait\u00e9es (par ex. fonction de panier d&rsquo;achat) sont enregistr\u00e9s sur la base de l&rsquo;art. 6, al.<br \/>\n1 lit.<br \/>\nf du RGPD.<br \/>\nL&rsquo;exploitant du site web a un int\u00e9r\u00eat l\u00e9gitime \u00e0 stocker des cookies afin de fournir ses services de mani\u00e8re techniquement correcte et optimis\u00e9e.<br \/>\nDans la mesure o\u00f9 d&rsquo;autres cookies (par exemple des cookies pour l&rsquo;analyse de votre comportement de navigation) sont enregistr\u00e9s, ils sont trait\u00e9s s\u00e9par\u00e9ment dans la pr\u00e9sente d\u00e9claration de protection des donn\u00e9es.    <\/p>\n<h3>Fichiers journaux du serveur<\/h3>\n<p>Le fournisseur des pages collecte et enregistre automatiquement des informations dans ce que l&rsquo;on appelle des fichiers journaux du serveur, que votre navigateur nous transmet automatiquement.<br \/>\nIl s&rsquo;agit de <\/p>\n<ul>\n<li>Type et version du navigateur<\/li>\n<li>le syst\u00e8me d&rsquo;exploitation utilis\u00e9<\/li>\n<li>URL de r\u00e9f\u00e9rence<\/li>\n<li>Nom d&rsquo;h\u00f4te de l&rsquo;ordinateur qui acc\u00e8de au site<\/li>\n<li>Heure de la demande du serveur<\/li>\n<li>Adresse IP<\/li>\n<\/ul>\n<p>Ces donn\u00e9es ne sont pas recoup\u00e9es avec d&rsquo;autres sources de donn\u00e9es.<\/p>\n<p>La base du traitement des donn\u00e9es est l&rsquo;art. 6, al.<br \/>\n1 lit.<br \/>\nf du RGPD, qui autorise le traitement des donn\u00e9es pour l&rsquo;ex\u00e9cution d&rsquo;un contrat ou de mesures pr\u00e9contractuelles.  <\/p>\n<h3>Formulaire de contact<\/h3>\n<p>Si vous nous envoyez des demandes par le biais du formulaire de contact, les informations que vous avez fournies dans le formulaire de demande, y compris les donn\u00e9es de contact que vous y avez indiqu\u00e9es, seront stock\u00e9es chez nous \u00e0 des fins de traitement de la demande et en cas de questions de suivi.<br \/>\nNous ne transmettons pas ces donn\u00e9es sans votre consentement. <\/p>\n<p>Le traitement des donn\u00e9es saisies dans le formulaire de contact se fait donc exclusivement sur la base de votre consentement (article 6, paragraphe 1, point a) du RGPD).<br \/>\nVous pouvez r\u00e9voquer ce consentement \u00e0 tout moment.<br \/>\nPour ce faire, il suffit de nous envoyer un message informel par e-mail.<br \/>\nLa l\u00e9galit\u00e9 des op\u00e9rations de traitement des donn\u00e9es effectu\u00e9es jusqu&rsquo;\u00e0 la r\u00e9vocation n&rsquo;est pas affect\u00e9e par la r\u00e9vocation.   <\/p>\n<p>Les donn\u00e9es que vous avez saisies dans le formulaire de contact restent chez nous jusqu&rsquo;\u00e0 ce que vous nous demandiez de les supprimer, que vous r\u00e9voquiez votre consentement \u00e0 leur stockage ou que le but du stockage des donn\u00e9es devienne caduc (par exemple, une fois que votre demande a \u00e9t\u00e9 trait\u00e9e).<br \/>\nLes dispositions l\u00e9gales obligatoires &#8211; en particulier les d\u00e9lais de conservation &#8211; ne sont pas affect\u00e9es. <\/p>\n<h2>4. plugins et outils<\/h2>\n<h3>Google Maps<\/h3>\n<p>Ce site utilise le service de cartographie Google Maps via une API. Le fournisseur est Google Inc, 1600 Amphitheatre Parkway, Mountain View, CA 94043, \u00c9tats-Unis.<\/p>\n<p>Pour utiliser les fonctions de Google Maps, il est n\u00e9cessaire d&rsquo;enregistrer votre adresse IP.<br \/>\nCette information est g\u00e9n\u00e9ralement transmise \u00e0 un serveur de Google aux \u00c9tats-Unis et y est stock\u00e9e.<br \/>\nLe fournisseur de ce site n&rsquo;a aucune influence sur ce transfert de donn\u00e9es.  <\/p>\n<p>L&rsquo;utilisation de Google Maps a lieu dans l&rsquo;int\u00e9r\u00eat d&rsquo;une pr\u00e9sentation attrayante de nos offres en ligne et d&rsquo;un rep\u00e9rage facile des lieux que nous avons indiqu\u00e9s sur le site Web.<br \/>\nCela constitue un int\u00e9r\u00eat l\u00e9gitime au sens de l&rsquo;art. 6 al.<br \/>\n1 lit.<br \/>\nf du RGPD.   <\/p>\n<p>Pour en savoir plus sur le traitement des donn\u00e9es des utilisateurs, consultez la politique de confidentialit\u00e9 de Google <a href=\"https:\/\/www.google.de\/intl\/de\/policies\/privacy\/\" target=\"_blank\" rel=\"noopener\">: https:\/\/www.google.de\/intl\/de\/policies\/privacy\/.<\/a><\/p>\n<p>&nbsp;<\/p>\n<p>Nous utilisons l&rsquo;outil de consentement \u00ab\u00a0Real Cookie Banner\u00a0\u00bb pour g\u00e9rer les cookies et les technologies similaires (pixels de suivi, balises Web, etc.) et les consentements correspondants.<br \/>\nVous trouverez des d\u00e9tails sur le fonctionnement de \u00ab\u00a0Real Cookie Banner\u00a0\u00bb sur &lt;a href=\u00a0\u00bbhttps:\/\/devowl.io\/de\/rcb\/datenverarbeitung\/\u00a0\u00bb rel=\u00a0\u00bbnoreferrer\u00a0\u00bb target=\u00a0\u00bb_blank\u00a0\u00bb&gt;https:\/\/devowl.io\/de\/rcb\/datenverarbeitung\/&lt;\/a&gt;. <\/p>\n<p>Les bases juridiques pour le traitement des donn\u00e9es personnelles dans ce contexte sont l&rsquo;art. 6 al.<br \/>\n1 lit.<br \/>\nc RGPD et l&rsquo;art. 6 al.<br \/>\n1 lit.<br \/>\nf du RGPD.<br \/>\nNotre int\u00e9r\u00eat l\u00e9gitime est la gestion des cookies et des technologies similaires utilis\u00e9es et des consentements y aff\u00e9rents.     <\/p>\n<p>La fourniture de donn\u00e9es personnelles n&rsquo;est ni contractuellement obligatoire ni n\u00e9cessaire \u00e0 la conclusion d&rsquo;un contrat.<br \/>\nVous n&rsquo;\u00eates pas oblig\u00e9 de fournir les donn\u00e9es personnelles.<br \/>\nSi vous ne fournissez pas les donn\u00e9es personnelles, nous ne pourrons pas g\u00e9rer vos consentements.  <\/p>\n<p>[\/et_pb_text][\/et_pb_column][\/et_pb_row][\/et_pb_section]<\/p>\n","protected":false},"excerpt":{"rendered":"<p>D\u00e9claration de confidentialit\u00e9 1. la protection des donn\u00e9es en un coup d&rsquo;\u0153il Remarques g\u00e9n\u00e9rales Les informations suivantes donnent un aper\u00e7u simple de ce qui se passe avec vos donn\u00e9es personnelles lorsque vous visitez notre site web. Les donn\u00e9es personnelles sont toutes les donn\u00e9es qui permettent de vous identifier personnellement. Vous trouverez des informations d\u00e9taill\u00e9es sur [&hellip;]<\/p>\n","protected":false},"author":1,"featured_media":0,"parent":0,"menu_order":0,"comment_status":"closed","ping_status":"open","template":"","meta":{"_et_pb_use_builder":"on","_et_pb_old_content":"","_et_gb_content_width":"","footnotes":""},"difl_page_category":[],"class_list":["post-281755","page","type-page","status-publish","hentry"],"_links":{"self":[{"href":"https:\/\/ksg-gmbh.de\/fr\/wp-json\/wp\/v2\/pages\/281755","targetHints":{"allow":["GET"]}}],"collection":[{"href":"https:\/\/ksg-gmbh.de\/fr\/wp-json\/wp\/v2\/pages"}],"about":[{"href":"https:\/\/ksg-gmbh.de\/fr\/wp-json\/wp\/v2\/types\/page"}],"author":[{"embeddable":true,"href":"https:\/\/ksg-gmbh.de\/fr\/wp-json\/wp\/v2\/users\/1"}],"replies":[{"embeddable":true,"href":"https:\/\/ksg-gmbh.de\/fr\/wp-json\/wp\/v2\/comments?post=281755"}],"version-history":[{"count":2,"href":"https:\/\/ksg-gmbh.de\/fr\/wp-json\/wp\/v2\/pages\/281755\/revisions"}],"predecessor-version":[{"id":281757,"href":"https:\/\/ksg-gmbh.de\/fr\/wp-json\/wp\/v2\/pages\/281755\/revisions\/281757"}],"wp:attachment":[{"href":"https:\/\/ksg-gmbh.de\/fr\/wp-json\/wp\/v2\/media?parent=281755"}],"wp:term":[{"taxonomy":"difl_page_category","embeddable":true,"href":"https:\/\/ksg-gmbh.de\/fr\/wp-json\/wp\/v2\/difl_page_category?post=281755"}],"curies":[{"name":"wp","href":"https:\/\/api.w.org\/{rel}","templated":true}]}}