{"id":966,"date":"2024-05-08T09:39:02","date_gmt":"2024-05-08T07:39:02","guid":{"rendered":"https:\/\/kantenhacker.de\/outils-diamantes-categorie\/"},"modified":"2025-01-17T12:40:07","modified_gmt":"2025-01-17T11:40:07","slug":"outils-diamantes-categorie","status":"publish","type":"page","link":"https:\/\/ksg-gmbh.de\/fr\/outils-diamantes-categorie\/","title":{"rendered":"Outils diamant\u00e9s Cat\u00e9gorie"},"content":{"rendered":"<p>[et_pb_section fb_built=\u00a0\u00bb1&Prime; admin_label=\u00a0\u00bbGet in Touch\u00a0\u00bb _builder_version=\u00a0\u00bb4.16&Prime; custom_padding=\u00a0\u00bb53px|0px|54px|0px|false|false\u00a0\u00bb global_colors_info=\u00a0\u00bb{}\u00a0\u00bb][et_pb_row _builder_version=\u00a0\u00bb4.27.0&Prime; _module_preset=\u00a0\u00bbdefault\u00a0\u00bb global_colors_info=\u00a0\u00bb{}\u00a0\u00bb][et_pb_column type=\u00a0\u00bb4_4&Prime; _builder_version=\u00a0\u00bb4.27.0&Prime; _module_preset=\u00a0\u00bbdefault\u00a0\u00bb global_colors_info=\u00a0\u00bb{}\u00a0\u00bb][et_pb_text _builder_version=\u00a0\u00bb4.27.0&Prime; _module_preset=\u00a0\u00bbdefault\u00a0\u00bb header_font=\u00a0\u00bb|||on|||||\u00a0\u00bb header_text_align=\u00a0\u00bbcenter\u00a0\u00bb header_font_size=\u00a0\u00bb46px\u00a0\u00bb header_line_height=\u00a0\u00bb1.4em\u00a0\u00bb header_font_size_tablet=\u00a0\u00bb40px\u00a0\u00bb header_font_size_phone=\u00a0\u00bb23px\u00a0\u00bb header_font_size_last_edited=\u00a0\u00bbon|phone\u00a0\u00bb global_colors_info=\u00a0\u00bb{}\u00a0\u00bb]<\/p>\n<h1><strong>Outils diamant\u00e9s<\/strong><\/h1>\n<p>[\/et_pb_text][et_pb_text _builder_version=\u00a0\u00bb4.27.0&Prime; _module_preset=\u00a0\u00bbdefault\u00a0\u00bb text_text_color=\u00a0\u00bb#000000&Prime; text_font_size=\u00a0\u00bb16px\u00a0\u00bb text_line_height=\u00a0\u00bb1.8em\u00a0\u00bb global_colors_info=\u00a0\u00bb{}\u00a0\u00bb]<\/p>\n<p>Nos disques diamant\u00e9s, fraises \u00e0 rainurer et fraises \u00e0 chanfreiner de haute qualit\u00e9 sont des outils indispensables pour des travaux de coupe et de fraisage pr\u00e9cis dans des mat\u00e9riaux durs tels que le b\u00e9ton, l&rsquo;asphalte, la pierre et la ma\u00e7onnerie. Les disques diamant\u00e9s offrent une long\u00e9vit\u00e9 et une efficacit\u00e9 exceptionnelles, ce qui permet d&rsquo;\u00e9viter les changements d&rsquo;outils fr\u00e9quents et d&rsquo;augmenter la productivit\u00e9.<\/p>\n<p>Les fraises \u00e0 rainurer permettent la d\u00e9coupe pr\u00e9cise et r\u00e9guli\u00e8re de rainures et de gorges de diff\u00e9rentes profondeurs et largeurs, adapt\u00e9es aux exigences sp\u00e9cifiques de votre projet.<\/p>\n<p>Les fraises \u00e0 chanfreiner sont id\u00e9ales pour le fraisage de joints de dilatation dans l&rsquo;asphalte, afin de garantir des joints durables et stables.  <\/p>\n<p>[\/et_pb_text][\/et_pb_column][\/et_pb_row][et_pb_row column_structure=\u00a0\u00bb1_2,1_2&Prime; _builder_version=\u00a0\u00bb4.16&Prime; locked=\u00a0\u00bboff\u00a0\u00bb global_colors_info=\u00a0\u00bb{}\u00a0\u00bb custom_padding=\u00a0\u00bb||275px|||\u00a0\u00bb][et_pb_column type=\u00a0\u00bb1_2&Prime; _builder_version=\u00a0\u00bb4.16&Prime; custom_padding=\u00a0\u00bb|||\u00a0\u00bb global_colors_info=\u00a0\u00bb{}\u00a0\u00bb custom_padding__hover=\u00a0\u00bb|||\u00a0\u00bb][et_pb_blurb title=\u00a0\u00bbDisques diamant\u00e9s\u00a0\u00bb image=\u00a0\u00bbhttps:\/\/ksg-gmbh.de\/wp-content\/uploads\/2024\/05\/Photoroom_20240528_144632-removebg-preview.png\u00a0\u00bb alt=\u00a0\u00bbDisque diamant KSG\u00a0\u00bb image_icon_width=\u00a0\u00bb51%\u00a0\u00bb _builder_version=\u00a0\u00bb4.27.0&Prime; _module_preset=\u00a0\u00bbdefault\u00a0\u00bb header_level=\u00a0\u00bbh2&Prime; header_font=\u00a0\u00bb|600|||||||\u00a0\u00bb body_text_color=\u00a0\u00bb#000000&Prime; body_font_size=\u00a0\u00bb16px\u00a0\u00bb body_line_height=\u00a0\u00bb1.8em\u00a0\u00bb custom_margin=\u00a0\u00bb||75px|||\u00a0\u00bb link_option_url=\u00a0\u00bbhttps:\/\/ksg-gmbh.de\/diamantscheiben\/\u00a0\u00bb global_colors_info=\u00a0\u00bb{}\u00a0\u00bb]<\/p>\n<p>Les disques diamant\u00e9s sont utilis\u00e9s pour couper des mat\u00e9riaux durs tels que le b\u00e9ton, l&rsquo;asphalte, la pierre et la ma\u00e7onnerie. Les disques diamant\u00e9s ont une dur\u00e9e de vie beaucoup plus longue que les outils de coupe traditionnels en acier ou en carbure. Cela permet de r\u00e9duire la fr\u00e9quence des changements d&rsquo;outils et donc d&rsquo;augmenter la productivit\u00e9.<\/p>\n<p>[\/et_pb_blurb][et_pb_button button_url=\u00a0\u00bbhttps:\/\/ksg-gmbh.de\/diamantscheiben\/\u00a0\u00bb button_text=\u00a0\u00bbVers les d\u00e9tails\u00a0\u00bb button_alignment=\u00a0\u00bbleft\u00a0\u00bb _builder_version=\u00a0\u00bb4.27.0&Prime; _module_preset=\u00a0\u00bbdefault\u00a0\u00bb custom_button=\u00a0\u00bbon\u00a0\u00bb button_text_size=\u00a0\u00bb14px\u00a0\u00bb button_bg_color=\u00a0\u00bb#feb202&Prime; button_border_color=\u00a0\u00bb#ffffff\u00a0\u00bb button_border_radius=\u00a0\u00bb0px\u00a0\u00bb button_letter_spacing=\u00a0\u00bb3px\u00a0\u00bb button_font=\u00a0\u00bbLibre Franklin|700||on|||||\u00a0\u00bb button_icon=\u00a0\u00bb&#x24;||divi||400&Prime; button_on_hover=\u00a0\u00bboff\u00a0\u00bb background_layout=\u00a0\u00bbdark\u00a0\u00bb custom_padding=\u00a0\u00bb30px|70px|30px|70px|true|true\u00a0\u00bb animation_style=\u00a0\u00bbfold\u00a0\u00bb animation_direction=\u00a0\u00bbright\u00a0\u00bb box_shadow_style=\u00a0\u00bbpreset4&Prime; box_shadow_horizontal=\u00a0\u00bb-30px\u00a0\u00bb box_shadow_vertical=\u00a0\u00bb-30px\u00a0\u00bb box_shadow_spread=\u00a0\u00bb-10px\u00a0\u00bb box_shadow_color=\u00a0\u00bbrgba(254,178,2,0.47)\u00a0\u00bb global_colors_info=\u00a0\u00bb{}\u00a0\u00bb][\/et_pb_button][\/et_pb_column][et_pb_column type=\u00a0\u00bb1_2&Prime; _builder_version=\u00a0\u00bb4.16&Prime; custom_padding=\u00a0\u00bb|||\u00a0\u00bb global_colors_info=\u00a0\u00bb{}\u00a0\u00bb custom_padding__hover=\u00a0\u00bb|||\u00a0\u00bb][et_pb_blurb title=\u00a0\u00bbFraises \u00e0 rainurer \/ fraises \u00e0 chanfreiner  \u00a0\u00bb image=\u00a0\u00bbhttps:\/\/ksg-gmbh.de\/wp-content\/uploads\/2024\/07\/Fasenfraeser-KSG.png\u00a0\u00bb alt=\u00a0\u00bbFraise \u00e0 chanfreiner Outil diamant\u00e9\u00a0\u00bb image_icon_width=\u00a0\u00bb42%\u00a0\u00bb _builder_version=\u00a0\u00bb4.27.0&Prime; _module_preset=\u00a0\u00bbdefault\u00a0\u00bb header_level=\u00a0\u00bbh2&Prime; header_font=\u00a0\u00bb|600|||||||\u00a0\u00bb body_text_color=\u00a0\u00bb#000000&Prime; body_font_size=\u00a0\u00bb16px\u00a0\u00bb body_line_height=\u00a0\u00bb1.8em\u00a0\u00bb custom_margin=\u00a0\u00bb10px||75px||false|false\u00a0\u00bb link_option_url=\u00a0\u00bbhttps:\/\/ksg-gmbh.de\/fraeser\/\u00a0\u00bb hover_enabled=\u00a0\u00bb0&Prime; global_colors_info=\u00a0\u00bb{}\u00a0\u00bb sticky_enabled=\u00a0\u00bb0&Prime;]<\/p>\n<p>Les fraises \u00e0 rainurer sont des outils de coupe sp\u00e9cialis\u00e9s permettant de cr\u00e9er des rainures, des gorges ou des canaux pr\u00e9cis. Les fraises \u00e0 rainurer sont con\u00e7ues pour r\u00e9aliser des rainures pr\u00e9cises et r\u00e9guli\u00e8res dans des mat\u00e9riaux tels que le b\u00e9ton ou l&rsquo;asphalte. Ces rainures peuvent \u00eatre plus ou moins profondes et larges, en fonction des exigences du projet. Les fraises \u00e0 chanfreiner sont utilis\u00e9es pour le fraisage de joints de dilatation dans l&rsquo;asphalte.<\/p>\n<p>[\/et_pb_blurb][et_pb_button button_url=\u00a0\u00bbhttps:\/\/ksg-gmbh.de\/fraeser\/\u00a0\u00bb button_text=\u00a0\u00bbvers les d\u00e9tails\u00a0\u00bb button_alignment=\u00a0\u00bbleft\u00a0\u00bb _builder_version=\u00a0\u00bb4.27.0&Prime; _module_preset=\u00a0\u00bbdefault\u00a0\u00bb custom_button=\u00a0\u00bbon\u00a0\u00bb button_text_size=\u00a0\u00bb14px\u00a0\u00bb button_bg_color=\u00a0\u00bb#feb202&Prime; button_border_color=\u00a0\u00bb#ffffff\u00a0\u00bb button_border_radius=\u00a0\u00bb0px\u00a0\u00bb button_letter_spacing=\u00a0\u00bb3px\u00a0\u00bb button_font=\u00a0\u00bbLibre Franklin|700||on|||||\u00a0\u00bb button_icon=\u00a0\u00bb&#x24;||divi||400&Prime; button_on_hover=\u00a0\u00bboff\u00a0\u00bb background_layout=\u00a0\u00bbdark\u00a0\u00bb custom_padding=\u00a0\u00bb30px|70px|30px|70px|true|true\u00a0\u00bb animation_style=\u00a0\u00bbfold\u00a0\u00bb animation_direction=\u00a0\u00bbright\u00a0\u00bb box_shadow_style=\u00a0\u00bbpreset4&Prime; box_shadow_horizontal=\u00a0\u00bb-30px\u00a0\u00bb box_shadow_vertical=\u00a0\u00bb-30px\u00a0\u00bb box_shadow_spread=\u00a0\u00bb-10px\u00a0\u00bb box_shadow_color=\u00a0\u00bbrgba(254,178,2,0.47)\u00a0\u00bb global_colors_info=\u00a0\u00bb{}\u00a0\u00bb][\/et_pb_button][\/et_pb_column][\/et_pb_row][\/et_pb_section]<\/p>\n","protected":false},"excerpt":{"rendered":"<p>Outils diamant\u00e9sNos disques diamant\u00e9s, fraises \u00e0 rainurer et fraises \u00e0 chanfreiner de haute qualit\u00e9 sont des outils indispensables pour des travaux de coupe et de fraisage pr\u00e9cis dans des mat\u00e9riaux durs tels que le b\u00e9ton, l&rsquo;asphalte, la pierre et la ma\u00e7onnerie. Les disques diamant\u00e9s offrent une long\u00e9vit\u00e9 et une efficacit\u00e9 exceptionnelles, ce qui permet d&rsquo;\u00e9viter [&hellip;]<\/p>\n","protected":false},"author":2,"featured_media":0,"parent":0,"menu_order":0,"comment_status":"closed","ping_status":"closed","template":"","meta":{"_et_pb_use_builder":"on","_et_pb_old_content":"","_et_gb_content_width":"","footnotes":""},"difl_page_category":[],"class_list":["post-966","page","type-page","status-publish","hentry"],"_links":{"self":[{"href":"https:\/\/ksg-gmbh.de\/fr\/wp-json\/wp\/v2\/pages\/966","targetHints":{"allow":["GET"]}}],"collection":[{"href":"https:\/\/ksg-gmbh.de\/fr\/wp-json\/wp\/v2\/pages"}],"about":[{"href":"https:\/\/ksg-gmbh.de\/fr\/wp-json\/wp\/v2\/types\/page"}],"author":[{"embeddable":true,"href":"https:\/\/ksg-gmbh.de\/fr\/wp-json\/wp\/v2\/users\/2"}],"replies":[{"embeddable":true,"href":"https:\/\/ksg-gmbh.de\/fr\/wp-json\/wp\/v2\/comments?post=966"}],"version-history":[{"count":20,"href":"https:\/\/ksg-gmbh.de\/fr\/wp-json\/wp\/v2\/pages\/966\/revisions"}],"predecessor-version":[{"id":281969,"href":"https:\/\/ksg-gmbh.de\/fr\/wp-json\/wp\/v2\/pages\/966\/revisions\/281969"}],"wp:attachment":[{"href":"https:\/\/ksg-gmbh.de\/fr\/wp-json\/wp\/v2\/media?parent=966"}],"wp:term":[{"taxonomy":"difl_page_category","embeddable":true,"href":"https:\/\/ksg-gmbh.de\/fr\/wp-json\/wp\/v2\/difl_page_category?post=966"}],"curies":[{"name":"wp","href":"https:\/\/api.w.org\/{rel}","templated":true}]}}