{"id":972,"date":"2024-05-07T13:50:37","date_gmt":"2024-05-07T11:50:37","guid":{"rendered":"https:\/\/kantenhacker.de\/demande-de-pieces-de-rechange\/"},"modified":"2024-06-10T10:59:26","modified_gmt":"2024-06-10T08:59:26","slug":"demande-de-pieces-de-rechange","status":"publish","type":"page","link":"https:\/\/ksg-gmbh.de\/fr\/demande-de-pieces-de-rechange\/","title":{"rendered":"Demande de pi\u00e8ces de rechange"},"content":{"rendered":"<p>[et_pb_section fb_built=\u00a0\u00bb1&Prime; admin_label=\u00a0\u00bbHeader\u00a0\u00bb _builder_version=\u00a0\u00bb4.24.3&Prime; use_background_color_gradient=\u00a0\u00bbon\u00a0\u00bb background_color_gradient_type=\u00a0\u00bbcircular\u00a0\u00bb background_color_gradient_direction_radial=\u00a0\u00bbright\u00a0\u00bb background_color_gradient_stops=\u00a0\u00bbrgba(255,255,255,0) 0%|#ffffff 70%\u00a0\u00bb background_color_gradient_overlays_image=\u00a0\u00bbon\u00a0\u00bb background_color_gradient_start=\u00a0\u00bbrgba(255,255,255,0)\u00a0\u00bb background_color_gradient_end=\u00a0\u00bb#ffffff\u00a0\u00bb background_color_gradient_end_position=\u00a0\u00bb70%\u00a0\u00bb background_image=\u00a0\u00bbhttps:\/\/ksg-gmbh.de\/wp-content\/uploads\/2024\/04\/electrician_19.png\u00a0\u00bb background_position=\u00a0\u00bbtop_right\u00a0\u00bb custom_margin=\u00a0\u00bb||||false|false\u00a0\u00bb custom_padding=\u00a0\u00bb50px|0px|0|0px|false|false\u00a0\u00bb global_colors_info=\u00a0\u00bb{}\u00a0\u00bb][et_pb_row column_structure=\u00a0\u00bb1_2,1_2&Prime; _builder_version=\u00a0\u00bb4.16&Prime; custom_margin=\u00a0\u00bb|||\u00a0\u00bb custom_padding=\u00a0\u00bb|||\u00a0\u00bb locked=\u00a0\u00bboff\u00a0\u00bb global_colors_info=\u00a0\u00bb{}\u00a0\u00bb][et_pb_column type=\u00a0\u00bb1_2&Prime; _builder_version=\u00a0\u00bb4.16&Prime; custom_padding=\u00a0\u00bb|||\u00a0\u00bb global_colors_info=\u00a0\u00bb{}\u00a0\u00bb custom_padding__hover=\u00a0\u00bb|||\u00a0\u00bb][et_pb_text _builder_version=\u00a0\u00bb4.25.1&Prime; text_font=\u00a0\u00bb||||||||\u00a0\u00bb text_font_size=\u00a0\u00bb16px\u00a0\u00bb text_line_height=\u00a0\u00bb1.8em\u00a0\u00bb header_font=\u00a0\u00bbLibre Franklin|600|||||||\u00a0\u00bb header_font_size=\u00a0\u00bb60px\u00a0\u00bb header_line_height=\u00a0\u00bb1.4em\u00a0\u00bb max_width=\u00a0\u00bb600px\u00a0\u00bb header_font_size_tablet=\u00a0\u00bb\u00a0\u00bb header_font_size_phone=\u00a0\u00bb32px\u00a0\u00bb header_font_size_last_edited=\u00a0\u00bbon|phone\u00a0\u00bb custom_css_free_form=\u00a0\u00bb.form-group {||    display: flex;||    justify-content: space-between;||    margin-bottom: 15px;||}||.form-group input, .form-group textarea {||    flex: 1;||    padding: 8px;||    border: 1px solid #ccc;||    border-radius: 4px;||    margin-right: 10px;||}||.form-group input%91required%93 {||    border-left: 3px solid red;||}||.form-group textarea {||    resize: vertical;||}||.form-group input::placeholder, .form-group textarea::placeholder {||    color: #aaa;||}||.button-container {||    display: flex;||    justify-content: flex-end;||    margin-top: 20px;||}||.button-container button {||    padding: 10px 20px;||    background-color: #0073e6;||    color: #fff;||    border: none;||    border-radius: 4px;||    cursor: pointer;||}||.button-container button:hover {||    background-color: #005bb5;||}||.table-container {||    margin-top: 20px;||}||.table-container table {||    width: 100%;||    border-collapse: collapse;||}||.table-container th, .table-container td {||    border: 1px solid #ccc;||    padding: 10px;||    text-align: left;||}||.table-container th {||    background-color: #f4f4f4;||}||\u00a0\u00bb global_colors_info=\u00a0\u00bb{}\u00a0\u00bb]<\/p>\n<h1>DEMANDE DE PI\u00c8CES DE RECHANGE<\/h1>\n<p>Vestibulum ac diam sit amet quam vehicula elementum sed sit amet dui. Lorem ipsum dolor sit amet, consectetur adipiscing elit. Lorem ipsum dolor sit amet, consectetur adipiscing elit.<\/p>\n<p>[\/et_pb_text][\/et_pb_column][et_pb_column type=\u00a0\u00bb1_2&Prime; _builder_version=\u00a0\u00bb4.16&Prime; custom_padding=\u00a0\u00bb|||\u00a0\u00bb global_colors_info=\u00a0\u00bb{}\u00a0\u00bb custom_padding__hover=\u00a0\u00bb|||\u00a0\u00bb][\/et_pb_column][\/et_pb_row][et_pb_row _builder_version=\u00a0\u00bb4.24.3&Prime; _module_preset=\u00a0\u00bbdefault\u00a0\u00bb global_colors_info=\u00a0\u00bb{}\u00a0\u00bb][et_pb_column type=\u00a0\u00bb4_4&Prime; _builder_version=\u00a0\u00bb4.24.3&Prime; _module_preset=\u00a0\u00bbdefault\u00a0\u00bb global_colors_info=\u00a0\u00bb{}\u00a0\u00bb][et_pb_contact_form email=\u00a0\u00bbm.boeckly@hytrade24.com\u00a0\u00bb custom_message=\u00a0\u00bbFirma: %%Firma%%||et_pb_line_break_holder||Position: %%Position%%||et_pb_line_break_holder||Pr\u00e9nom: %%Vorname%%||et_pb_line_break_holder||Nom: %%Name%%||et_pb_line_break_holder||Rue: %%Stra\u00dfe%%||et_pb_line_break_holder||NPA\/localit\u00e9: %%PLZ\/Ort%%||et_pb_line_break_holder||Pays: %%Land%%||et_pb_line_break_holder||Num\u00e9ro de t\u00e9l\u00e9phone: %%Telefon%%||et_pb_line_break_holder||Email: %%Email%%||et_pb_line_break_holder||Fax: %%Fax%%||et_pb_line_break_holder||KSG Type: %%KSG_Typ%%||et_pb_line_break_holder||Num\u00e9ro de s\u00e9rie: %%Seriennummer%%||et_pb_line_break_holder||Ann\u00e9e de construction: %%Baujahr%%||et_pb_line_break_holder||Autres: %%Sonstiges%%||et_pb_line_break_holder||||et_pb_line_break_holder||Veuillez m&#039;envoyer une offre de pi\u00e8ces de rechange sur :||et_pb_line_break_holder||||et_pb_line_break_holder||Num\u00e9ro d&#039;article | D\u00e9signation| Quantit\u00e9||et_pb_line_break_holder||&#8212;&#8212;&#8212;&#8212;&#8212;&#8212;&#8212;&#8212;&#8212;&#8212;&#8212;&#8212;&#8212;&#8212;&#8212;&#8212;-||et_pb_line_break_holder||%%dynamicFields%%||et_pb_line_break_holder||\u00a0\u00bb module_id=\u00a0\u00bbet_pb_contact_form_1&Prime; _builder_version=\u00a0\u00bb4.25.1&Prime; _module_preset=\u00a0\u00bbdefault\u00a0\u00bb _unique_id=\u00a0\u00bba72621a1-9dec-45c5-a64f-19784f385025&Prime; custom_css_free_form=\u00a0\u00bb.form-group {||    display: flex;||    justify-content: space-between;||    margin-bottom: 15px;||}||.form-group input, .form-group textarea {||    flex: 1;||    padding: 8px;||    border: 1px solid #ccc;||    border-radius: 4px;||    margin-right: 10px;||}||.form-group input%91required%93 {||    border-left: 3px solid red;||}||.form-group textarea {||    resize: vertical;||}||.form-group input::placeholder, .form-group textarea::placeholder {||    color: #aaa;||}||.button-container {||    display: flex;||    justify-content: flex-end;||    margin-top: 20px;||}||.button-container .submit-button {||    padding: 10px 20px;||    background-color: #0073e6;||    color: #fff;||    border: none;||    border-radius: 4px;||    cursor: pointer;||}||.button-container .submit-button:hover {||    background-color: #005bb5;||}||.table-container {||    margin-top: 20px;||}||.table-container table {||    width: 100%;||    border-collapse: collapse;||}||.table-container th, .table-container td {||    border: 1px solid #ccc;||    padding: 10px;||    text-align: left;||}||.table-container th {||    background-color: #f4f4f4;||}||.add-row-button {||    padding: 10px 20px;||    background-color: #0073e6;||    color: #fff;||    border: none;||    border-radius: 4px;||    cursor: pointer;||    margin-top: 10px;||}||.add-row-button:hover {||    background-color: #005bb5;||}||\u00a0\u00bb global_colors_info=\u00a0\u00bb{}\u00a0\u00bb][et_pb_contact_field field_id=\u00a0\u00bbField_16&Prime; fullwidth_field=\u00a0\u00bbon\u00a0\u00bb _builder_version=\u00a0\u00bb4.25.1&Prime; _module_preset=\u00a0\u00bbdefault\u00a0\u00bb use_field_html=\u00a0\u00bbon\u00a0\u00bb field_htmlcontent=\u00a0\u00bb<\/p>\n<form id=%22ersatzteilForm%22 class=%22et_pb_contact_form clearfix%22 method=%22post%22 action=%22https:\/\/ksg-gmbh.de\/process_form.php%22>\n<div class=%22form-group%22>\n        <input type=%22text%22 id=%22firma%22 name=%22firma%22 placeholder=%22Firma%22 required><br \/>\n        <input type=%22text%22 id=%22position%22 name=%22position%22 placeholder=%22Position%22>\n    <\/div>\n<div class=%22form-group%22>\n        <input type=%22text%22 id=%22vorname%22 name=%22vorname%22 placeholder=%22Vorname%22 required><br \/>\n        <input type=%22text%22 id=%22name%22 name=%22name%22 placeholder=%22Name%22 required>\n    <\/div>\n<div class=%22form-group%22>\n        <input type=%22text%22 id=%22strasse%22 name=%22strasse%22 placeholder=%22Stra\u00dfe%22><br \/>\n        <input type=%22text%22 id=%22plz_ort%22 name=%22plz_ort%22 placeholder=%22PLZ\/Ort%22>\n    <\/div>\n<div class=%22form-group%22>\n        <input type=%22text%22 id=%22land%22 name=%22land%22 placeholder=%22Land%22><br \/>\n        <input type=%22email%22 id=%22email%22 name=%22email%22 placeholder=%22Email%22 required>\n    <\/div>\n<div class=%22form-group%22>\n        <input type=%22text%22 id=%22telefon%22 name=%22telefon%22 placeholder=%22Telefon%22><br \/>\n        <input type=%22text%22 id=%22fax%22 name=%22fax%22 placeholder=%22Fax%22>\n    <\/div>\n<div class=%22form-group%22>\n        <input type=%22text%22 id=%22ksg_typ%22 name=%22ksg_typ%22 placeholder=%22KSG Typ%22><br \/>\n        <input type=%22text%22 id=%22seriennummer%22 name=%22seriennummer%22 placeholder=%22Seriennummer%22 required>\n    <\/div>\n<div class=%22form-group%22>\n        <input type=%22text%22 id=%22baujahr%22 name=%22baujahr%22 placeholder=%22Baujahr%22><br \/>\n        <textarea id=%22sonstiges%22 name=%22sonstiges%22 placeholder=%22Sonstiges%22><\/textarea>\n    <\/div>\n<div class=%22table-container%22>\n<p><strong>Bitte senden Sie mir ein Ersatzteilangebot \u00fcber<\/strong><\/p>\n<table id=%22Artikelanfrage%22>\n<thead>\n<tr>\n<th>Artikelnummer<\/th>\n<th>Bezeichnung<\/th>\n<th>Menge<\/th>\n<\/tr>\n<\/thead>\n<tbody id=%22artikelBody%22>\n<tr>\n<td><input type=%22text%22 name=%22artikelnummer%91%93%22 placeholder=%22Artikelnummer%22><\/td>\n<td><input type=%22text%22 name=%22bezeichnung%91%93%22 placeholder=%22Bezeichnung%22><\/td>\n<td><input type=%22number%22 name=%22menge%91%93%22 min=%221%22 placeholder=%22Menge%22><\/td>\n<\/tr>\n<\/tbody>\n<\/table>\n<p>        <button type=%22button%22 id=%22addRowButton%22 class=%22add-row-button%22>Weitere Zeile hinzuf\u00fcgen<\/button>\n    <\/div>\n<div class=%22button-container%22>\n        <button type=%22submit%22 id=%22submitButton%22 class=%22submit-button%22>Senden<\/button>\n    <\/div>\n<p>    <textarea id=%22dynamicFields%22 name=%22dynamicFields%22 style=%22display: none;%22><\/textarea><br \/>\n<\/form>\n<p>\u00a0\u00bb global_colors_info=\u00a0\u00bb{}\u00a0\u00bb][\/et_pb_contact_field][\/et_pb_contact_form][et_pb_code _builder_version=\u00a0\u00bb4.25.1&Prime; _module_preset=\u00a0\u00bbdefault\u00a0\u00bb hover_enabled=\u00a0\u00bb0&Prime; custom_css_free_form=\u00a0\u00bb.form-group {||    display: flex;||    justify-content: space-between;||    margin-bottom: 15px;||}||.form-group input, .form-group textarea {||    flex: 1;||    padding: 8px;||    border: 1px solid #ccc;||    border-radius: 4px;||    margin-right: 10px;||}||.form-group input%91required%93 {||    border-left: 3px solid red;||}||.form-group textarea {||    resize: vertical;||}||.form-group input::placeholder, .form-group textarea::placeholder {||    color: #aaa;||}||.button-container {||    display: flex;||    justify-content: flex-end;||    margin-top: 20px;||}||.button-container .submit-button {||    padding: 10px 20px;||    background-color: #0073e6;||    color: #fff;||    border: none;||    border-radius: 4px;||    cursor: pointer;||}||.button-container .submit-button:hover {||    background-color: #005bb5;||}||.table-container {||    margin-top: 20px;||}||.table-container table {||    width: 100%;||    border-collapse: collapse;||}||.table-container th, .table-container td {||    border: 1px solid #ccc;||    padding: 10px;||    text-align: left;||}||.table-container th {||    background-color: #f4f4f4;||}||.add-row-button {||    padding: 10px 20px;||    background-color: #0073e6;||    color: #fff;||    border: none;||    border-radius: 4px;||    cursor: pointer;||    margin-top: 10px;||}||.add-row-button:hover {||    background-color: #005bb5;||}||\u00a0\u00bb global_colors_info=\u00a0\u00bb{}\u00a0\u00bb sticky_enabled=\u00a0\u00bb0&Prime;]<\/p>\n<form id=\"ersatzteilForm\" class=\"et_pb_contact_form clearfix\" method=\"post\" action=\"https:\/\/ksg-gmbh.de\/process_form.php\"><!-- [et_pb_line_break_holder] -->    <\/p>\n<div class=\"form-group\"><!-- [et_pb_line_break_holder] -->        <input type=\"text\" id=\"firma\" name=\"firma\" placeholder=\"Soci\u00e9t\u00e9\" required=\"\"><!-- [et_pb_line_break_holder] -->        <input type=\"text\" id=\"position\" name=\"position\" placeholder=\"Position\"><!-- [et_pb_line_break_holder] -->    <\/div>\n<p><!-- [et_pb_line_break_holder] -->    <\/p>\n<div class=\"form-group\"><!-- [et_pb_line_break_holder] -->        <input type=\"text\" id=\"vorname\" name=\"vorname\" placeholder=\"Pr\u00e9nom\" required=\"\"><!-- [et_pb_line_break_holder] -->        <input type=\"text\" id=\"name\" name=\"name\" placeholder=\"Nom\" required=\"\"><!-- [et_pb_line_break_holder] -->    <\/div>\n<p><!-- [et_pb_line_break_holder] -->    <\/p>\n<div class=\"form-group\"><!-- [et_pb_line_break_holder] -->        <input type=\"text\" id=\"strasse\" name=\"strasse\" placeholder=\"Rue\"><!-- [et_pb_line_break_holder] -->        <input type=\"text\" id=\"plz_ort\" name=\"plz_ort\" placeholder=\"NPA\/localit\u00e9\"><!-- [et_pb_line_break_holder] -->    <\/div>\n<p><!-- [et_pb_line_break_holder] -->    <\/p>\n<div class=\"form-group\"><!-- [et_pb_line_break_holder] -->        <input type=\"text\" id=\"land\" name=\"land\" placeholder=\"Pays\"><!-- [et_pb_line_break_holder] -->        <input type=\"email\" id=\"email\" name=\"email\" placeholder=\"Email\" required=\"\"><!-- [et_pb_line_break_holder] -->    <\/div>\n<p><!-- [et_pb_line_break_holder] -->    <\/p>\n<div class=\"form-group\"><!-- [et_pb_line_break_holder] -->        <input type=\"text\" id=\"telefon\" name=\"telefon\" placeholder=\"T\u00e9l\u00e9phone\"><!-- [et_pb_line_break_holder] -->        <input type=\"text\" id=\"fax\" name=\"fax\" placeholder=\"Fax\"><!-- [et_pb_line_break_holder] -->    <\/div>\n<p><!-- [et_pb_line_break_holder] -->    <\/p>\n<div class=\"form-group\"><!-- [et_pb_line_break_holder] -->        <input type=\"text\" id=\"ksg_typ\" name=\"ksg_typ\" placeholder=\"Type de KSG\"><!-- [et_pb_line_break_holder] -->        <input type=\"text\" id=\"seriennummer\" name=\"seriennummer\" placeholder=\"N\u00b0 de s\u00e9rie\" required=\"\"><!-- [et_pb_line_break_holder] -->    <\/div>\n<p><!-- [et_pb_line_break_holder] -->    <\/p>\n<div class=\"form-group\"><!-- [et_pb_line_break_holder] -->        <input type=\"text\" id=\"baujahr\" name=\"baujahr\" placeholder=\"Ann\u00e9e de construction\"><!-- [et_pb_line_break_holder] -->    <\/div>\n<p><!-- [et_pb_line_break_holder] --><\/p>\n<div class=\"form-row\"><!-- [et_pb_line_break_holder] --><textarea name=\"sonstiges\" placeholder=\"Autres\"><\/textarea><!-- [et_pb_line_break_holder] -->    <\/div>\n<p>    <!-- [et_pb_line_break_holder] -->    <\/p>\n<div class=\"table-container\"><!-- [et_pb_line_break_holder] -->        <pee><strong>Veuillez m&rsquo;envoyer une offre de pi\u00e8ces de rechange sur<\/strong><\/pee><!-- [et_pb_line_break_holder] -->        <\/p>\n<table id=\"Artikelanfrage\"><!-- [et_pb_line_break_holder] -->            <\/p>\n<thead><!-- [et_pb_line_break_holder] -->                <\/p>\n<tr><!-- [et_pb_line_break_holder] -->                    <\/p>\n<th>Num\u00e9ro d&rsquo;article<\/th>\n<p><!-- [et_pb_line_break_holder] -->                    <\/p>\n<th>D\u00e9signation<\/th>\n<p><!-- [et_pb_line_break_holder] -->                    <\/p>\n<th>Quantit\u00e9<\/th>\n<p><!-- [et_pb_line_break_holder] -->                <\/tr>\n<p><!-- [et_pb_line_break_holder] -->            <\/thead>\n<p><!-- [et_pb_line_break_holder] -->            <\/p>\n<tbody id=\"artikelBody\"><!-- [et_pb_line_break_holder] -->                <\/p>\n<tr><!-- [et_pb_line_break_holder] -->                    <\/p>\n<td><input type=\"text\" name=\"artikelnummer[]\" placeholder=\"Num\u00e9ro d'article\"><\/td>\n<p><!-- [et_pb_line_break_holder] -->                    <\/p>\n<td><input type=\"text\" name=\"bezeichnung[]\" placeholder=\"D\u00e9signation\"><\/td>\n<p><!-- [et_pb_line_break_holder] -->                    <\/p>\n<td><input type=\"number\" name=\"menge[]\" min=\"1\" placeholder=\"Quantit\u00e9\"><\/td>\n<p><!-- [et_pb_line_break_holder] -->                <\/tr>\n<p><!-- [et_pb_line_break_holder] -->            <\/tbody>\n<p><!-- [et_pb_line_break_holder] -->        <\/table>\n<p><!-- [et_pb_line_break_holder] -->        <button type=\"button\" id=\"addRowButton\" class=\"add-row-button\">Ajouter une autre ligne<\/button><!-- [et_pb_line_break_holder] -->    <\/div>\n<p><!-- [et_pb_line_break_holder] -->    <\/p>\n<div class=\"button-container\"><!-- [et_pb_line_break_holder] -->        <button type=\"submit\" id=\"submitButton\" class=\"submit-button\">Envoyer<\/button><!-- [et_pb_line_break_holder] -->    <\/div>\n<p><!-- [et_pb_line_break_holder] -->    <textarea id=\"dynamicFields\" name=\"dynamicFields\" style=\"display: none;\"><\/textarea><!-- [et_pb_line_break_holder] --><\/form>\n<p><!-- [et_pb_line_break_holder] --><!-- [et_pb_line_break_holder] --><script><!-- [et_pb_line_break_holder] --><!-- [et_pb_line_break_holder] -->document.addEventListener('DOMContentLoaded', function() {<!-- [et_pb_line_break_holder] -->    setTimeout(function() {<!-- [et_pb_line_break_holder] -->        var addRowButton = document.getElementById('addRowButton');<!-- [et_pb_line_break_holder] -->        var ersatzteilForm = document.getElementById('ersatzteilForm');<!-- [et_pb_line_break_holder] --><!-- [et_pb_line_break_holder] -->        console.log(addRowButton);<!-- [et_pb_line_break_holder] -->        console.log(ersatzteilForm);<!-- [et_pb_line_break_holder] --><!-- [et_pb_line_break_holder] -->        if (addRowButton && ersatzteilForm) {<!-- [et_pb_line_break_holder] -->            addRowButton.addEventListener('click', addRow);<!-- [et_pb_line_break_holder] --><!-- [et_pb_line_break_holder] -->            ersatzteilForm.addEventListener('submit', function(event) {<!-- [et_pb_line_break_holder] -->                event.preventDefault(); \/\/ Standard-Formular\u00fcbermittlung verhindern<!-- [et_pb_line_break_holder] --><!-- [et_pb_line_break_holder] -->                \/\/ \u00dcberpr\u00fcfen Sie, ob alle erforderlichen Felder ausgef\u00fcllt sind<!-- [et_pb_line_break_holder] -->                var requiredFields = ersatzteilForm.querySelectorAll('[required]');<!-- [et_pb_line_break_holder] -->                var allFieldsValid = true;<!-- [et_pb_line_break_holder] --><!-- [et_pb_line_break_holder] -->                requiredFields.forEach(function(field) {<!-- [et_pb_line_break_holder] -->                    if (!field.value.trim()) {<!-- [et_pb_line_break_holder] -->                        allFieldsValid = false;<!-- [et_pb_line_break_holder] -->                        field.classList.add('field-error');<!-- [et_pb_line_break_holder] -->                    } else {<!-- [et_pb_line_break_holder] -->                        field.classList.remove('field-error');<!-- [et_pb_line_break_holder] -->                    }<!-- [et_pb_line_break_holder] -->                });<!-- [et_pb_line_break_holder] --><!-- [et_pb_line_break_holder] -->                if (!allFieldsValid) {<!-- [et_pb_line_break_holder] -->                    alert('Stellen Sie sicher, dass Sie alle erforderlichen Felder ausf\u00fcllen.');<!-- [et_pb_line_break_holder] -->                    return;<!-- [et_pb_line_break_holder] -->                }<!-- [et_pb_line_break_holder] --><!-- [et_pb_line_break_holder] -->                var artikelnummern = document.getElementsByName('artikelnummer[]');<!-- [et_pb_line_break_holder] -->                var bezeichnungen = document.getElementsByName('bezeichnung[]');<!-- [et_pb_line_break_holder] -->                var mengen = document.getElementsByName('menge[]');<!-- [et_pb_line_break_holder] -->                var dynamicFields = \"Artikelnummer | Bezeichnung | Menge\\n-------------------------------------------------\\n\";<!-- [et_pb_line_break_holder] --><!-- [et_pb_line_break_holder] -->                for (var i = 0; i <artikelnummern.length; i++) {<!-- [et_pb_line_break_holder] -->                    dynamicFields += artikelnummern[i].value + ' | ' + bezeichnungen[i].value + ' | ' + mengen[i].value + '\\n';<!-- [et_pb_line_break_holder] -->                }<!-- [et_pb_line_break_holder] --><!-- [et_pb_line_break_holder] -->                console.log('Dynamic Fields:', dynamicFields);<!-- [et_pb_line_break_holder] -->                document.getElementById('dynamicFields').value = dynamicFields;<!-- [et_pb_line_break_holder] --><!-- [et_pb_line_break_holder] -->                \/\/ Konsolenausgabe hinzuf\u00fcgen, bevor das Formular abgeschickt wird<!-- [et_pb_line_break_holder] -->                console.log('Form is about to be submitted without validation');<!-- [et_pb_line_break_holder] --><!-- [et_pb_line_break_holder] -->                \/\/ \u00dcbermittlung des Formulars mit AJAX<!-- [et_pb_line_break_holder] -->                var formData = new FormData(ersatzteilForm);<!-- [et_pb_line_break_holder] -->                fetch('https:\/\/ksg-gmbh.de\/process_form.php', { \/\/ \u00c4ndern Sie dies auf die richtige URL<!-- [et_pb_line_break_holder] -->                    method: 'POST',<!-- [et_pb_line_break_holder] -->                    body: formData<!-- [et_pb_line_break_holder] -->                })<!-- [et_pb_line_break_holder] -->                .then(response => response.text())<!-- [et_pb_line_break_holder] -->                .then(data => {<!-- [et_pb_line_break_holder] -->                    console.log('Form successfully submitted:', data);<!-- [et_pb_line_break_holder] -->                    alert('Formular erfolgreich \u00fcbermittelt!'); \/\/ Anzeigen einer Best\u00e4tigungsnachricht<!-- [et_pb_line_break_holder] -->                })<!-- [et_pb_line_break_holder] -->                .catch(error => {<!-- [et_pb_line_break_holder] -->                    console.error('Error submitting the form:', error);<!-- [et_pb_line_break_holder] -->                    alert('Fehler beim \u00dcbermitteln des Formulars.');<!-- [et_pb_line_break_holder] -->                });<!-- [et_pb_line_break_holder] -->            });<!-- [et_pb_line_break_holder] -->        } else {<!-- [et_pb_line_break_holder] -->            console.error('Elemente wurden nicht gefunden:', { addRowButton, ersatzteilForm });<!-- [et_pb_line_break_holder] -->        }<!-- [et_pb_line_break_holder] --><!-- [et_pb_line_break_holder] -->        function addRow() {<!-- [et_pb_line_break_holder] -->            var table = document.getElementById(\"artikelBody\");<!-- [et_pb_line_break_holder] -->            var row = table.insertRow();<!-- [et_pb_line_break_holder] -->            var cell1 = row.insertCell(0);<!-- [et_pb_line_break_holder] -->            var cell2 = row.insertCell(1);<!-- [et_pb_line_break_holder] -->            var cell3 = row.insertCell(2);<!-- [et_pb_line_break_holder] -->            cell1.innerHTML = '<input type=\"text\" name=\"artikelnummer[]\" placeholder=\"Artikelnummer\" \/>';<!-- [et_pb_line_break_holder] -->            cell2.innerHTML = '<input type=\"text\" name=\"bezeichnung[]\" placeholder=\"Bezeichnung\" \/>';<!-- [et_pb_line_break_holder] -->            cell3.innerHTML = '<input type=\"number\" name=\"menge[]\" min=\"1\" placeholder=\"Menge\" \/>';<!-- [et_pb_line_break_holder] -->        }<!-- [et_pb_line_break_holder] -->    }, 1000); \/\/ Verz\u00f6gerung, um sicherzustellen, dass das DOM vollst\u00e4ndig geladen ist<!-- [et_pb_line_break_holder] -->});<!-- [et_pb_line_break_holder] --><\/script><!-- [et_pb_line_break_holder] -->[\/et_pb_code][\/et_pb_column][\/et_pb_row][\/et_pb_section]<\/p>\n","protected":false},"excerpt":{"rendered":"<p>DEMANDE DE PI\u00c8CES DE RECHANGE Vestibulum ac diam sit amet quam vehicula elementum sed sit amet dui. Lorem ipsum dolor sit amet, consectetur adipiscing elit. Lorem ipsum dolor sit amet, consectetur adipiscing elit.<\/p>\n","protected":false},"author":2,"featured_media":0,"parent":0,"menu_order":0,"comment_status":"closed","ping_status":"closed","template":"","meta":{"_et_pb_use_builder":"on","_et_pb_old_content":"","_et_gb_content_width":"","footnotes":""},"difl_page_category":[],"class_list":["post-972","page","type-page","status-publish","hentry"],"_links":{"self":[{"href":"https:\/\/ksg-gmbh.de\/fr\/wp-json\/wp\/v2\/pages\/972","targetHints":{"allow":["GET"]}}],"collection":[{"href":"https:\/\/ksg-gmbh.de\/fr\/wp-json\/wp\/v2\/pages"}],"about":[{"href":"https:\/\/ksg-gmbh.de\/fr\/wp-json\/wp\/v2\/types\/page"}],"author":[{"embeddable":true,"href":"https:\/\/ksg-gmbh.de\/fr\/wp-json\/wp\/v2\/users\/2"}],"replies":[{"embeddable":true,"href":"https:\/\/ksg-gmbh.de\/fr\/wp-json\/wp\/v2\/comments?post=972"}],"version-history":[{"count":18,"href":"https:\/\/ksg-gmbh.de\/fr\/wp-json\/wp\/v2\/pages\/972\/revisions"}],"predecessor-version":[{"id":280633,"href":"https:\/\/ksg-gmbh.de\/fr\/wp-json\/wp\/v2\/pages\/972\/revisions\/280633"}],"wp:attachment":[{"href":"https:\/\/ksg-gmbh.de\/fr\/wp-json\/wp\/v2\/media?parent=972"}],"wp:term":[{"taxonomy":"difl_page_category","embeddable":true,"href":"https:\/\/ksg-gmbh.de\/fr\/wp-json\/wp\/v2\/difl_page_category?post=972"}],"curies":[{"name":"wp","href":"https:\/\/api.w.org\/{rel}","templated":true}]}}